{"id":3224,"date":"2021-02-07T00:26:23","date_gmt":"2021-02-07T00:26:23","guid":{"rendered":"https:\/\/www.h2otaps.com\/?post_type=product&#038;p=3224"},"modified":"2026-04-28T13:15:48","modified_gmt":"2026-04-28T13:15:48","slug":"filtro-de-agua-para-grifo-4-cartuchos-pack-anual","status":"publish","type":"product","link":"https:\/\/www.h2otaps.com\/de\/productos\/filtro-de-agua-para-grifo-4-cartuchos-pack-anual\/","title":{"rendered":"Leitungswasserfilter + 4 Patronen - Jahrespackung"},"content":{"rendered":"<h2 style=\"text-align: center;\" class=\"translation-block\">Der am einfachsten zu installierende und zu verwendende Wasserfilter f\u00fcr reines, gut schmeckendes Wasser zu Hause.<\/h2>\n<p>&nbsp;<\/p>\n<h3 style=\"text-align: left;\">Warum unseren Filter kaufen?<\/h3>\n<p class=\"p1\">\ud83d\udca7 Unser elegant gestalteter Wasserfilter aus Edelstahl ist haltbarer als ABS-Kunststoff-Hahnfilter, da er Bruch und Verformung verhindert. Au\u00dferdem ist es ungiftig wie Kunststoff, ist es <strong>\u00f6kologisch<\/strong> und kein Risiko, keine Lecks - Wenn Sie Edelstahl einmal ausprobiert haben, werden Sie den Unterschied zum Besseren bemerken.<\/p>\n<p>&nbsp;<\/p>\n<p class=\"p1\">\ud83d\udca7 Wir verwenden die fortschrittlichste Filtertechnologie, die eine Pr\u00e4zisionsfiltration bietet, die den Geschmack Ihres Wassers verbessert und Blei, Chlor, Salmonellen, Pestizide, Kalk (abh\u00e4ngig von der H\u00e4rte Ihres Wassers), Schmutz, Sand, Rost und organische Verbindungen entfernt. Unser <strong>Filtergenauigkeit<\/strong> ist gr\u00f6\u00dfer als die eines gew\u00f6hnlichen Keramik- oder Aktivkohlefilters.<\/p>\n<p class=\"p1\">\ud83d\udca7 F\u00fcr die Installation ist kein Klempner erforderlich, sie ist mit den allermeisten Armaturen kompatibel. Um sicher zu sein, dass das System mit Ihrer Armatur kompatibel ist, z\u00f6gern Sie nicht <a href=\"https:\/\/www.h2otaps.com\/de\/contact\/\" target=\"_blank\" rel=\"noopener\">Kontakt<\/a> im Zweifelsfall.<\/p>\n<p>\ud83d\udca7 Sie k\u00f6nnen sehen, wie viel Sie sparen k\u00f6nnen, wenn Sie Ihr Leitungswasser zu Hause filtern und so bis zu 300 Euro im Jahr sparen. Zus\u00e4tzlich zu den <strong>hoher Komfort<\/strong> das hei\u00dft, dass Sie keine Plastikflaschen mehr mit sich f\u00fchren, tragen Sie zur Verbesserung der Umwelt bei, da Sie Ihren Plastikverbrauch reduzieren.<\/p>\n<blockquote>\n<p style=\"text-align: center;\"><strong>Tun Sie Ihren Teil f\u00fcr die Umwelt mit dem H2o Taps Leitungswasserfilter.<\/strong><\/p>\n<p style=\"text-align: center;\"><strong>Eine KOSTENWIRKSAME, KOMFORTABLE und UMWELTFREUNDLICHE Alternative.<\/strong><\/p>\n<\/blockquote>\n<p>&nbsp;<\/p>\n<h3>Tipps f\u00fcr einen korrekten Betrieb des Wasserhahnfilters:<\/h3>\n<p>\u2192 Lassen Sie das Wasser beim ersten Gebrauch 1 Minute lang durch den Filter laufen, um eventuelle Restverunreinigungen zu entfernen, auch wenn Sie die Kartusche durch eine neue ersetzen.<\/p>\n<p class=\"translation-block\">\u2192 Verwenden Sie das gefilterte Wasser nur mit <strong>kaltem Wasser<\/strong>, hei\u00dfes Wasser besch\u00e4digt die Kartusche und sie verliert ihre Wirksamkeit.<\/p>\n<p class=\"translation-block\"><strong>TDS: <\/strong> Eine zuverl\u00e4ssige Methode zur Messung der Wasserqualit\u00e4t? Es ist nicht f\u00fcr den individuellen Gebrauch geeignet, da dieses Messsystem keine endg\u00fcltigen Parameter angibt, es sagt Ihnen nur, dass Ihr Wasser je nach Messwert mehr oder weniger mineralisiert ist. Es ist ein g\u00fcltiges System, aber ein hoher Messwert (innerhalb des empfohlenen Bereichs) bedeutet nicht, dass Ihr Wasser schlecht ist.<\/p>\n<p>Ihr Leitungswasser ist sicher zu trinken. Viele Mineralw\u00e4sser haben einen h\u00f6heren TDS-Wert als Ihr Leitungswasser.<\/p>\n<p>Die Weltgesundheitsorganisation (WHO) betrachtet diese TDS-Werte:<\/p>\n<p>Weniger als 300: Ausgezeichnet<\/p>\n<p>von 300 - 600: Gut<\/p>\n<p>600 - 900: Regelm\u00e4\u00dfig<\/p>\n<p>900- 1200: Schlecht<\/p>\n<p>\u00fcber 1200: Schlecht<\/p>\n<p>Fazit: Wenn Ihr TDS-Wert im empfohlenen Bereich liegt, m\u00fcssen Sie sich keine Sorgen machen. Wir versichern Ihnen, dass unser Filtersystem den Geschmack Ihres Wassers verbessert und sch\u00e4dliche Verunreinigungen aus Ihrem Wasser entfernt. Informativer Artikel zu diesem Thema, <a href=\"https:\/\/www.fundacionaquae.org\/calidad-agua\/\" target=\"_blank\" rel=\"noopener\">hier klicken<\/a><\/p>\n<p>H\u00e4ufig gestellte Fragen <a href=\"https:\/\/www.h2otaps.com\/de\/preguntas-frecuentes\/\">hier klicken<\/a><\/p>","protected":false},"excerpt":{"rendered":"<p><span style=\"color: #000000;\">\ud83d\udca7 Edelstahlgeh\u00e4use - Langlebig - Unterst\u00fctzt im Gegensatz zu Kunststoff kein Pilz- und Bakterienwachstum - Umweltfreundlich<\/span><\/p>\n<p><span style=\"color: #000000;\">\ud83d\udca7 Sehr einfache Installation - Kompatibel mit den meisten Wasserh\u00e4hnen<\/span><\/p>\n<p><span style=\"color: #000000;\">\ud83d\udca7 Entfernt gesundheitssch\u00e4dliche Schadstoffe, bel\u00e4sst aber essentielle Mineralien wie Magnesium, Kalium, Eisen, Jod, Zink<\/span><\/p>\n<p><span style=\"color: #000000;\">\ud83d\udca7 Gefiltertes Wasser f\u00fcr 1 Jahr <\/span><\/p>","protected":false},"featured_media":3569,"template":"","meta":[],"product_brand":[],"product_cat":[104],"product_tag":[103],"class_list":{"0":"post-3224","1":"product","2":"type-product","3":"status-publish","4":"has-post-thumbnail","6":"product_cat-filtro-para-grifo","7":"product_tag-filtro-agua-grifo","9":"first","10":"instock","11":"downloadable","12":"taxable","13":"shipping-taxable","14":"purchasable","15":"product-type-simple"},"yoast_head":"<!-- This site is optimized with the Yoast SEO plugin v27.5 - https:\/\/yoast.com\/product\/yoast-seo-wordpress\/ -->\n<title>Filtro de Agua para Grifo + 4 Cartuchos - Pack Anual - H2o Taps<\/title>\n<meta name=\"description\" content=\"Filtrar el Agua del grifo con H2o Taps - La manera m\u00e1s f\u00e1cil y sostenible de beber agua del grifo con nuestro filtros de agua para grifo\" \/>\n<meta name=\"robots\" content=\"index, follow, max-snippet:-1, max-image-preview:large, max-video-preview:-1\" \/>\n<link rel=\"canonical\" href=\"https:\/\/www.h2otaps.com\/de\/productos\/filtro-de-agua-para-grifo-4-cartuchos-pack-anual\/\" \/>\n<meta property=\"og:locale\" content=\"de_DE\" \/>\n<meta property=\"og:type\" content=\"article\" \/>\n<meta property=\"og:title\" content=\"Filtro de Agua para Grifo + 4 Cartuchos - Pack Anual - H2o Taps\" \/>\n<meta property=\"og:description\" content=\"Filtrar el Agua del grifo con H2o Taps - La manera m\u00e1s f\u00e1cil y sostenible de beber agua del grifo con nuestro filtros de agua para grifo\" \/>\n<meta property=\"og:url\" content=\"https:\/\/www.h2otaps.com\/de\/productos\/filtro-de-agua-para-grifo-4-cartuchos-pack-anual\/\" \/>\n<meta property=\"og:site_name\" content=\"H2o Taps\" \/>\n<meta property=\"article:publisher\" content=\"https:\/\/www.facebook.com\/h2otaps\/\" \/>\n<meta property=\"article:modified_time\" content=\"2026-04-28T13:15:48+00:00\" \/>\n<meta property=\"og:image\" content=\"https:\/\/www.h2otaps.com\/wp-content\/uploads\/2021\/05\/1D4E070B-6FA9-45C7-A401-1408143413FB-scaled.jpg\" \/>\n\t<meta property=\"og:image:width\" content=\"2560\" \/>\n\t<meta property=\"og:image:height\" content=\"2389\" \/>\n\t<meta property=\"og:image:type\" content=\"image\/jpeg\" \/>\n<meta name=\"twitter:card\" content=\"summary_large_image\" \/>\n<meta name=\"twitter:site\" content=\"@H2oTaps\" \/>\n<meta name=\"twitter:label1\" content=\"Gesch\u00e4tzte Lesezeit\" \/>\n\t<meta name=\"twitter:data1\" content=\"3\u00a0Minuten\" \/>\n<script type=\"application\/ld+json\" class=\"yoast-schema-graph\">{\"@context\":\"https:\\\/\\\/schema.org\",\"@graph\":[{\"@type\":\"WebPage\",\"@id\":\"https:\\\/\\\/www.h2otaps.com\\\/productos\\\/filtro-de-agua-para-grifo-4-cartuchos-pack-anual\\\/\",\"url\":\"https:\\\/\\\/www.h2otaps.com\\\/productos\\\/filtro-de-agua-para-grifo-4-cartuchos-pack-anual\\\/\",\"name\":\"Filtro de Agua para Grifo + 4 Cartuchos - Pack Anual - H2o Taps\",\"isPartOf\":{\"@id\":\"https:\\\/\\\/www.h2otaps.com\\\/#website\"},\"primaryImageOfPage\":{\"@id\":\"https:\\\/\\\/www.h2otaps.com\\\/productos\\\/filtro-de-agua-para-grifo-4-cartuchos-pack-anual\\\/#primaryimage\"},\"image\":{\"@id\":\"https:\\\/\\\/www.h2otaps.com\\\/productos\\\/filtro-de-agua-para-grifo-4-cartuchos-pack-anual\\\/#primaryimage\"},\"thumbnailUrl\":\"https:\\\/\\\/i0.wp.com\\\/www.h2otaps.com\\\/wp-content\\\/uploads\\\/2021\\\/05\\\/1D4E070B-6FA9-45C7-A401-1408143413FB-scaled.jpg?fit=2560%2C2389&ssl=1\",\"datePublished\":\"2021-02-07T00:26:23+00:00\",\"dateModified\":\"2026-04-28T13:15:48+00:00\",\"description\":\"Filtrar el Agua del grifo con H2o Taps - La manera m\u00e1s f\u00e1cil y sostenible de beber agua del grifo con nuestro filtros de agua para grifo\",\"breadcrumb\":{\"@id\":\"https:\\\/\\\/www.h2otaps.com\\\/productos\\\/filtro-de-agua-para-grifo-4-cartuchos-pack-anual\\\/#breadcrumb\"},\"inLanguage\":\"de\",\"potentialAction\":[{\"@type\":\"ReadAction\",\"target\":[\"https:\\\/\\\/www.h2otaps.com\\\/productos\\\/filtro-de-agua-para-grifo-4-cartuchos-pack-anual\\\/\"]}]},{\"@type\":\"ImageObject\",\"inLanguage\":\"de\",\"@id\":\"https:\\\/\\\/www.h2otaps.com\\\/productos\\\/filtro-de-agua-para-grifo-4-cartuchos-pack-anual\\\/#primaryimage\",\"url\":\"https:\\\/\\\/i0.wp.com\\\/www.h2otaps.com\\\/wp-content\\\/uploads\\\/2021\\\/05\\\/1D4E070B-6FA9-45C7-A401-1408143413FB-scaled.jpg?fit=2560%2C2389&ssl=1\",\"contentUrl\":\"https:\\\/\\\/i0.wp.com\\\/www.h2otaps.com\\\/wp-content\\\/uploads\\\/2021\\\/05\\\/1D4E070B-6FA9-45C7-A401-1408143413FB-scaled.jpg?fit=2560%2C2389&ssl=1\",\"width\":2560,\"height\":2389},{\"@type\":\"BreadcrumbList\",\"@id\":\"https:\\\/\\\/www.h2otaps.com\\\/productos\\\/filtro-de-agua-para-grifo-4-cartuchos-pack-anual\\\/#breadcrumb\",\"itemListElement\":[{\"@type\":\"ListItem\",\"position\":1,\"name\":\"H2oTaps\",\"item\":\"https:\\\/\\\/www.h2otaps.com\\\/\"},{\"@type\":\"ListItem\",\"position\":2,\"name\":\"Productos\",\"item\":\"https:\\\/\\\/www.h2otaps.com\\\/productos\\\/\"},{\"@type\":\"ListItem\",\"position\":3,\"name\":\"Filtro de Agua para Grifo + 4 Cartuchos &#8211; Pack Anual\"}]},{\"@type\":\"WebSite\",\"@id\":\"https:\\\/\\\/www.h2otaps.com\\\/#website\",\"url\":\"https:\\\/\\\/www.h2otaps.com\\\/\",\"name\":\"H2o Taps\",\"description\":\"Filtro agua para grifo\",\"publisher\":{\"@id\":\"https:\\\/\\\/www.h2otaps.com\\\/#organization\"},\"potentialAction\":[{\"@type\":\"SearchAction\",\"target\":{\"@type\":\"EntryPoint\",\"urlTemplate\":\"https:\\\/\\\/www.h2otaps.com\\\/?s={search_term_string}\"},\"query-input\":{\"@type\":\"PropertyValueSpecification\",\"valueRequired\":true,\"valueName\":\"search_term_string\"}}],\"inLanguage\":\"de\"},{\"@type\":\"Organization\",\"@id\":\"https:\\\/\\\/www.h2otaps.com\\\/#organization\",\"name\":\"H2oTaps\",\"url\":\"https:\\\/\\\/www.h2otaps.com\\\/\",\"logo\":{\"@type\":\"ImageObject\",\"inLanguage\":\"de\",\"@id\":\"https:\\\/\\\/www.h2otaps.com\\\/#\\\/schema\\\/logo\\\/image\\\/\",\"url\":\"https:\\\/\\\/i1.wp.com\\\/www.h2otaps.com\\\/wp-content\\\/uploads\\\/2020\\\/10\\\/IMG_2689-2.jpeg?fit=750%2C689&ssl=1\",\"contentUrl\":\"https:\\\/\\\/i1.wp.com\\\/www.h2otaps.com\\\/wp-content\\\/uploads\\\/2020\\\/10\\\/IMG_2689-2.jpeg?fit=750%2C689&ssl=1\",\"width\":750,\"height\":689,\"caption\":\"H2oTaps\"},\"image\":{\"@id\":\"https:\\\/\\\/www.h2otaps.com\\\/#\\\/schema\\\/logo\\\/image\\\/\"},\"sameAs\":[\"https:\\\/\\\/www.facebook.com\\\/h2otaps\\\/\",\"https:\\\/\\\/x.com\\\/H2oTaps\",\"https:\\\/\\\/www.instagram.com\\\/h2otaps\\\/\",\"https:\\\/\\\/www.youtube.com\\\/channel\\\/UC_Tjsnxu_9GuV50al68auoQ\"]}]}<\/script>\n<!-- \/ Yoast SEO plugin. -->","yoast_head_json":{"title":"Filtro de Agua para Grifo + 4 Cartuchos - Pack Anual - H2o Taps","description":"Filtrar el Agua del grifo con H2o Taps - La manera m\u00e1s f\u00e1cil y sostenible de beber agua del grifo con nuestro filtros de agua para grifo","robots":{"index":"index","follow":"follow","max-snippet":"max-snippet:-1","max-image-preview":"max-image-preview:large","max-video-preview":"max-video-preview:-1"},"canonical":"https:\/\/www.h2otaps.com\/de\/productos\/filtro-de-agua-para-grifo-4-cartuchos-pack-anual\/","og_locale":"de_DE","og_type":"article","og_title":"Filtro de Agua para Grifo + 4 Cartuchos - Pack Anual - H2o Taps","og_description":"Filtrar el Agua del grifo con H2o Taps - La manera m\u00e1s f\u00e1cil y sostenible de beber agua del grifo con nuestro filtros de agua para grifo","og_url":"https:\/\/www.h2otaps.com\/de\/productos\/filtro-de-agua-para-grifo-4-cartuchos-pack-anual\/","og_site_name":"H2o Taps","article_publisher":"https:\/\/www.facebook.com\/h2otaps\/","article_modified_time":"2026-04-28T13:15:48+00:00","og_image":[{"width":2560,"height":2389,"url":"https:\/\/www.h2otaps.com\/wp-content\/uploads\/2021\/05\/1D4E070B-6FA9-45C7-A401-1408143413FB-scaled.jpg","type":"image\/jpeg"}],"twitter_card":"summary_large_image","twitter_site":"@H2oTaps","twitter_misc":{"Gesch\u00e4tzte Lesezeit":"3\u00a0Minuten"},"schema":{"@context":"https:\/\/schema.org","@graph":[{"@type":"WebPage","@id":"https:\/\/www.h2otaps.com\/productos\/filtro-de-agua-para-grifo-4-cartuchos-pack-anual\/","url":"https:\/\/www.h2otaps.com\/productos\/filtro-de-agua-para-grifo-4-cartuchos-pack-anual\/","name":"Filtro de Agua para Grifo + 4 Cartuchos - Pack Anual - H2o Taps","isPartOf":{"@id":"https:\/\/www.h2otaps.com\/#website"},"primaryImageOfPage":{"@id":"https:\/\/www.h2otaps.com\/productos\/filtro-de-agua-para-grifo-4-cartuchos-pack-anual\/#primaryimage"},"image":{"@id":"https:\/\/www.h2otaps.com\/productos\/filtro-de-agua-para-grifo-4-cartuchos-pack-anual\/#primaryimage"},"thumbnailUrl":"https:\/\/i0.wp.com\/www.h2otaps.com\/wp-content\/uploads\/2021\/05\/1D4E070B-6FA9-45C7-A401-1408143413FB-scaled.jpg?fit=2560%2C2389&ssl=1","datePublished":"2021-02-07T00:26:23+00:00","dateModified":"2026-04-28T13:15:48+00:00","description":"Filtrar el Agua del grifo con H2o Taps - La manera m\u00e1s f\u00e1cil y sostenible de beber agua del grifo con nuestro filtros de agua para grifo","breadcrumb":{"@id":"https:\/\/www.h2otaps.com\/productos\/filtro-de-agua-para-grifo-4-cartuchos-pack-anual\/#breadcrumb"},"inLanguage":"de","potentialAction":[{"@type":"ReadAction","target":["https:\/\/www.h2otaps.com\/productos\/filtro-de-agua-para-grifo-4-cartuchos-pack-anual\/"]}]},{"@type":"ImageObject","inLanguage":"de","@id":"https:\/\/www.h2otaps.com\/productos\/filtro-de-agua-para-grifo-4-cartuchos-pack-anual\/#primaryimage","url":"https:\/\/i0.wp.com\/www.h2otaps.com\/wp-content\/uploads\/2021\/05\/1D4E070B-6FA9-45C7-A401-1408143413FB-scaled.jpg?fit=2560%2C2389&ssl=1","contentUrl":"https:\/\/i0.wp.com\/www.h2otaps.com\/wp-content\/uploads\/2021\/05\/1D4E070B-6FA9-45C7-A401-1408143413FB-scaled.jpg?fit=2560%2C2389&ssl=1","width":2560,"height":2389},{"@type":"BreadcrumbList","@id":"https:\/\/www.h2otaps.com\/productos\/filtro-de-agua-para-grifo-4-cartuchos-pack-anual\/#breadcrumb","itemListElement":[{"@type":"ListItem","position":1,"name":"H2oTaps","item":"https:\/\/www.h2otaps.com\/"},{"@type":"ListItem","position":2,"name":"Productos","item":"https:\/\/www.h2otaps.com\/productos\/"},{"@type":"ListItem","position":3,"name":"Filtro de Agua para Grifo + 4 Cartuchos &#8211; Pack Anual"}]},{"@type":"WebSite","@id":"https:\/\/www.h2otaps.com\/#website","url":"https:\/\/www.h2otaps.com\/","name":"H2o Taps","description":"Filtro agua para grifo","publisher":{"@id":"https:\/\/www.h2otaps.com\/#organization"},"potentialAction":[{"@type":"SearchAction","target":{"@type":"EntryPoint","urlTemplate":"https:\/\/www.h2otaps.com\/?s={search_term_string}"},"query-input":{"@type":"PropertyValueSpecification","valueRequired":true,"valueName":"search_term_string"}}],"inLanguage":"de"},{"@type":"Organization","@id":"https:\/\/www.h2otaps.com\/#organization","name":"H2o Taps","url":"https:\/\/www.h2otaps.com\/","logo":{"@type":"ImageObject","inLanguage":"de","@id":"https:\/\/www.h2otaps.com\/#\/schema\/logo\/image\/","url":"https:\/\/i1.wp.com\/www.h2otaps.com\/wp-content\/uploads\/2020\/10\/IMG_2689-2.jpeg?fit=750%2C689&ssl=1","contentUrl":"https:\/\/i1.wp.com\/www.h2otaps.com\/wp-content\/uploads\/2020\/10\/IMG_2689-2.jpeg?fit=750%2C689&ssl=1","width":750,"height":689,"caption":"H2oTaps"},"image":{"@id":"https:\/\/www.h2otaps.com\/#\/schema\/logo\/image\/"},"sameAs":["https:\/\/www.facebook.com\/h2otaps\/","https:\/\/x.com\/H2oTaps","https:\/\/www.instagram.com\/h2otaps\/","https:\/\/www.youtube.com\/channel\/UC_Tjsnxu_9GuV50al68auoQ"]}]}},"jetpack_sharing_enabled":true,"_links":{"self":[{"href":"https:\/\/www.h2otaps.com\/de\/wp-json\/wp\/v2\/product\/3224","targetHints":{"allow":["GET"]}}],"collection":[{"href":"https:\/\/www.h2otaps.com\/de\/wp-json\/wp\/v2\/product"}],"about":[{"href":"https:\/\/www.h2otaps.com\/de\/wp-json\/wp\/v2\/types\/product"}],"wp:featuredmedia":[{"embeddable":true,"href":"https:\/\/www.h2otaps.com\/de\/wp-json\/wp\/v2\/media\/3569"}],"wp:attachment":[{"href":"https:\/\/www.h2otaps.com\/de\/wp-json\/wp\/v2\/media?parent=3224"}],"wp:term":[{"taxonomy":"product_brand","embeddable":true,"href":"https:\/\/www.h2otaps.com\/de\/wp-json\/wp\/v2\/product_brand?post=3224"},{"taxonomy":"product_cat","embeddable":true,"href":"https:\/\/www.h2otaps.com\/de\/wp-json\/wp\/v2\/product_cat?post=3224"},{"taxonomy":"product_tag","embeddable":true,"href":"https:\/\/www.h2otaps.com\/de\/wp-json\/wp\/v2\/product_tag?post=3224"}],"curies":[{"name":"wp","href":"https:\/\/api.w.org\/{rel}","templated":true}]}}