{"id":2751,"date":"2021-02-05T09:26:00","date_gmt":"2021-02-05T09:26:00","guid":{"rendered":"https:\/\/www.h2otaps.com\/?post_type=product&#038;p=2751"},"modified":"2025-03-13T08:31:48","modified_gmt":"2025-03-13T08:31:48","slug":"alcachofa-ducha","status":"publish","type":"product","link":"https:\/\/www.h2otaps.com\/en\/productos\/showerhead-with-water-filter\/","title":{"rendered":"Shower head with water filter"},"content":{"rendered":"<h2 style=\"text-align: center;\">Alcachofa de ducha con filtro que purifica el agua y<br \/>\nayuda en el cuidado de la piel y el cabello.<\/h2>\n<p>&nbsp;<\/p>\n<h3>Ventajas de utilizar una alcachofa de ducha con filtro para purificar el agua<\/h3>\n<ul>\n<li><span class=\"a-list-item\" data-verified=\"redactor\" data-redactor-tag=\"span\" data-redactor-style=\"box-sizing: border-box; text-rendering: optimizespeed;\">\ud83d\udd27<strong data-redactor-tag=\"strong\">\u00a0 F\u00c1CILES DE INSTALAR:<\/strong><\/span><\/li>\n<\/ul>\n<p><span class=\"a-list-item\" data-verified=\"redactor\" data-redactor-tag=\"span\" data-redactor-style=\"box-sizing: border-box; text-rendering: optimizespeed;\">Nuestra alcachofa de ducha con filtro es compatible con todas las duchas est\u00e1ndar. Se puede colocar en cabezales de ducha montados en la pared, port\u00e1tiles, de lluvia y combinados. Al tratarse de una alcachofa universal es compatible con todas las duchas est\u00e1ndar. Se pueden colocar en cabezales de ducha montados en pared, port\u00e1tiles, de lluvia y combinados. La instalaci\u00f3n tardar\u00e1 solo 2 minutos, tan solo hay que conectar el filtro al brazo de la ducha directamente, sin necesidad de utilizar herramientas. Las piezas son desmontables por lo que son muy f\u00e1ciles de limpiar.<\/span><\/p>\n<ul>\n<li><span class=\"a-list-item\" data-verified=\"redactor\" data-redactor-tag=\"span\" data-redactor-style=\"box-sizing: border-box; text-rendering: optimizespeed;\">\ud83d\udca6\u00a0 <strong data-redactor-tag=\"strong\">FILTRO 11 ETAPAS:<\/strong><\/span><\/li>\n<\/ul>\n<p><span class=\"a-list-item\" data-verified=\"redactor\" data-redactor-tag=\"span\" data-redactor-style=\"box-sizing: border-box; text-rendering: optimizespeed;\"> Once etapas que SON NECESARIAS para el cuidado de la piel y el cabello. No sirve nada tener 3 y tampoco sirve de nada tener 18 etapas. La vida \u00fatil del cartucho que incluye es de 6 meses. Tu cuerpo merece agua limpia, libre de qu\u00edmicos y sin olor. Nuestro filtro de agua de cabezal de ducha con 11 etapas de filtraci\u00f3n hace que tu piel sea M\u00c1S SUAVE, las u\u00f1as M\u00c1S FUERTES y el cabello M\u00c1S BRILLANTE, <strong data-redactor-tag=\"strong\">CUIDADO PREMIUM<\/strong><\/span><\/p>\n<p>&nbsp;<\/p>\n<blockquote>\n<p style=\"text-align: center;\"><span class=\"a-list-item\" data-verified=\"redactor\" data-redactor-tag=\"span\" data-redactor-style=\"box-sizing: border-box; text-rendering: optimizespeed;\">\u00a0Nuestros cuerpos son m\u00e1quinas bioqu\u00edmicas complejas con 200 billones de c\u00e9lulas que dependen del agua limpia. <\/span><\/p>\n<p style=\"text-align: center;\"><strong><span class=\"a-list-item\" data-verified=\"redactor\" data-redactor-tag=\"span\" data-redactor-style=\"box-sizing: border-box; text-rendering: optimizespeed;\"><em data-redactor-tag=\"em\">\u00bfNo deber\u00eda ser de gran importancia la calidad de cada gota?<\/em><\/span><\/strong><\/p>\n<\/blockquote>\n<p>&nbsp;<\/p>\n<ul>\n<li>\ud83d\udca7 <strong data-redactor-tag=\"strong\">CABEZAL DE DUCHA CON FILTRO DE \u00daLTIMA GENERACI\u00d3N:<\/strong><\/li>\n<\/ul>\n<p>La nueva alcachofa de ducha de 80 mm de H2o Taps proporciona un agua limpia que elimina el cloro, productos qu\u00edmicos, pesticidas, metales pesados y contaminantes bacterianos gracias al filtro que incluye. Gracias al filtro de 11 etapas necesarias con un cartucho de vida \u00fatil de hasta 6 meses que permite filtrar y purificar completamente los residuos nocivos, manteniendo el PH del agua saludable para el cuerpo.<\/p>\n<ul>\n<li>\ud83d\udca7 <strong data-redactor-tag=\"strong\">MATERIAL ECOL\u00d3GICO Y DE CALIDAD:<\/strong><\/li>\n<\/ul>\n<p>Los productos H2o Taps se caracterizan por ser de calidad Premium y duraderos. Dise\u00f1o de \u00faltima generaci\u00f3n realizado en ABS Ecol\u00f3gico por lo que no contamina, adem\u00e1s es anticorrosi\u00f3n y antigrietas. Contiene Vitamina C, KDF55 y Turmalina para purificar el agua y perfeccionar tu piel y cabello. Debido a la tecnolog\u00eda de micro boquillas, los orificios de salida son m\u00e1s peque\u00f1os, aumentando as\u00ed la presi\u00f3n del agua y el flujo de esta, lo que permite un ahorro de hasta un 30% de agua.<\/p>\n<h3 style=\"text-align: center;\">Caracter\u00edsticas del filtro<\/h3>\n<p>&nbsp;<\/p>\n<ol>\n<li>\ud83d\udca6\u00a0 \u00a0Malla de acero inoxidable ultrafina<\/li>\n<li>\ud83d\udca6\u00a0 \u00a0PP Algod\u00f3n<\/li>\n<li>\ud83d\udca6\u00a0 \u00a0KDF-55 Reduce Metales Pesados Como Ars\u00e9nico, Mercurio Y Plomo<\/li>\n<li>\ud83d\udca6\u00a0 \u00a0Sulfito De Calcio: para eliminar sabores, olores, hidrocarburos, compuestos org\u00e1nicos de cloro a alta y baja temperatura de agua<\/li>\n<li>\ud83d\udca6\u00a0 \u00a0Carb\u00f3n Activado para Microorganismos, Residuos de cloro y subproductos de cloro como el trihalometano Productos qu\u00edmicos que incluyen la mayor\u00eda de los pesticidas y herbicidas<\/li>\n<li>\ud83d\udca6\u00a0 \u00a0Vitamina C para Neutralizar El Cloro Y La Cloramine<\/li>\n<li>\ud83d\udca6\u00a0 \u00a0Turmalina para el metabolismo y fortalece el sistema inmune<\/li>\n<li>\ud83d\udca6\u00a0 \u00a0Bolas de energ\u00eda magn\u00e9tica para Acelerar la circulaci\u00f3n sangu\u00ednea, Aumentar el contenido de ox\u00edgeno en la sangre, Fortalecer el sistema inmunol\u00f3gico del cuerpo<\/li>\n<li>\ud83d\udca6\u00a0 \u00a0Bolas de eliminaci\u00f3n de cloro: Reduce la pigmentaci\u00f3n, dejando la piel clara, suave y el\u00e1stica<\/li>\n<li>\ud83d\udca6\u00a0 \u00a0Algod\u00f3n PP<\/li>\n<li>\ud83d\udca6\u00a0 \u00a0Malla de acero inoxidable<\/li>\n<\/ol>\n<p><strong data-redactor-tag=\"strong\">Gracias <\/strong>a sus<strong data-redactor-tag=\"strong\"> 11 etapas con esferas mineralizadas<\/strong>, se eliminan las impurezas del agua lo que permite tener una piel m\u00e1s suave, reducir la secreci\u00f3n de grasa, y obtener un cabello m\u00e1s brillante y menos encrespado. Las esferas introducidas desprenden iones negativos en el agua que eliminan sustancias nocivas.<\/p>\n<ul>\n<li>Alcachofa universal: Compatible con todas las duchas est\u00e1ndar.<\/li>\n<li>Di\u00e1metro Alcachofa: 8 cm<\/li>\n<li>Material Ecol\u00f3gico: Abs. Contiene Vitamina C, KDF55 y Turmalina<\/li>\n<li>F\u00e1cil instalaci\u00f3n: en tan solo 2 minutos sin necesidad de utilizar herramientas. Desmontable para facilitar su limpieza.<\/li>\n<\/ul>\n<p><strong data-redactor-tag=\"strong\">Paquete incluye:<\/strong><\/p>\n<ul>\n<li>Cabezal de Ducha<\/li>\n<li>Filtro (6 meses de duraci\u00f3n)<\/li>\n<li>Manual de Instrucciones<\/li>\n<\/ul>\n<p>A la venta tambien en <a href=\"https:\/\/www.amazon.es\/h2otaps\">AMAZON<\/a><\/p>","protected":false},"excerpt":{"rendered":"<h2>Purifies water and aids in skin and hair care<\/h2>","protected":false},"featured_media":2971,"template":"","meta":[],"product_brand":[],"product_cat":[115],"product_tag":[112],"class_list":{"0":"post-2751","1":"product","2":"type-product","3":"status-publish","4":"has-post-thumbnail","6":"product_cat-acachofa-ducha","7":"product_tag-alcachofa-ducha","9":"first","10":"instock","11":"taxable","12":"shipping-taxable","13":"purchasable","14":"product-type-simple"},"yoast_head":"<!-- This site is optimized with the Yoast SEO plugin v27.3 - https:\/\/yoast.com\/product\/yoast-seo-wordpress\/ -->\n<title>Alcachofa de ducha con filtro de Agua - Cuida su piel y cabello - H2o Taps<\/title>\n<meta name=\"description\" content=\"Filtro para Alcachofa de ducha fija tipo lluvia - Quita el cloro, la cal y purifica el agua de su ducha para cuidar de su piel y cabello.\" \/>\n<meta name=\"robots\" content=\"index, follow, max-snippet:-1, max-image-preview:large, max-video-preview:-1\" \/>\n<link rel=\"canonical\" href=\"https:\/\/www.h2otaps.com\/en\/productos\/alcachofa-ducha\/\" \/>\n<meta property=\"og:locale\" content=\"en_GB\" \/>\n<meta property=\"og:type\" content=\"article\" \/>\n<meta property=\"og:title\" content=\"Alcachofa de ducha con filtro de Agua - Cuida su piel y cabello - H2o Taps\" \/>\n<meta property=\"og:description\" content=\"Filtro para Alcachofa de ducha fija tipo lluvia - Quita el cloro, la cal y purifica el agua de su ducha para cuidar de su piel y cabello.\" \/>\n<meta property=\"og:url\" content=\"https:\/\/www.h2otaps.com\/en\/productos\/alcachofa-ducha\/\" \/>\n<meta property=\"og:site_name\" content=\"H2o Taps\" \/>\n<meta property=\"article:publisher\" content=\"https:\/\/www.facebook.com\/h2otaps\/\" \/>\n<meta property=\"article:modified_time\" content=\"2025-03-13T08:31:48+00:00\" \/>\n<meta property=\"og:image\" content=\"https:\/\/www.h2otaps.com\/wp-content\/uploads\/2021\/02\/2-2R1.jpg\" \/>\n\t<meta property=\"og:image:width\" content=\"1024\" \/>\n\t<meta property=\"og:image:height\" content=\"996\" \/>\n\t<meta property=\"og:image:type\" content=\"image\/jpeg\" \/>\n<meta name=\"twitter:card\" content=\"summary_large_image\" \/>\n<meta name=\"twitter:site\" content=\"@H2oTaps\" \/>\n<meta name=\"twitter:label1\" content=\"Estimated reading time\" \/>\n\t<meta name=\"twitter:data1\" content=\"3 minutes\" \/>\n<script type=\"application\/ld+json\" class=\"yoast-schema-graph\">{\"@context\":\"https:\\\/\\\/schema.org\",\"@graph\":[{\"@type\":\"WebPage\",\"@id\":\"https:\\\/\\\/www.h2otaps.com\\\/productos\\\/alcachofa-ducha\\\/\",\"url\":\"https:\\\/\\\/www.h2otaps.com\\\/productos\\\/alcachofa-ducha\\\/\",\"name\":\"Alcachofa de ducha con filtro de Agua - Cuida su piel y cabello - H2o Taps\",\"isPartOf\":{\"@id\":\"https:\\\/\\\/www.h2otaps.com\\\/#website\"},\"primaryImageOfPage\":{\"@id\":\"https:\\\/\\\/www.h2otaps.com\\\/productos\\\/alcachofa-ducha\\\/#primaryimage\"},\"image\":{\"@id\":\"https:\\\/\\\/www.h2otaps.com\\\/productos\\\/alcachofa-ducha\\\/#primaryimage\"},\"thumbnailUrl\":\"https:\\\/\\\/i0.wp.com\\\/www.h2otaps.com\\\/wp-content\\\/uploads\\\/2021\\\/02\\\/2-2R1.jpg?fit=7768%2C7555&ssl=1\",\"datePublished\":\"2021-02-05T09:26:00+00:00\",\"dateModified\":\"2025-03-13T08:31:48+00:00\",\"description\":\"Filtro para Alcachofa de ducha fija tipo lluvia - Quita el cloro, la cal y purifica el agua de su ducha para cuidar de su piel y cabello.\",\"breadcrumb\":{\"@id\":\"https:\\\/\\\/www.h2otaps.com\\\/productos\\\/alcachofa-ducha\\\/#breadcrumb\"},\"inLanguage\":\"en-GB\",\"potentialAction\":[{\"@type\":\"ReadAction\",\"target\":[\"https:\\\/\\\/www.h2otaps.com\\\/productos\\\/alcachofa-ducha\\\/\"]}]},{\"@type\":\"ImageObject\",\"inLanguage\":\"en-GB\",\"@id\":\"https:\\\/\\\/www.h2otaps.com\\\/productos\\\/alcachofa-ducha\\\/#primaryimage\",\"url\":\"https:\\\/\\\/i0.wp.com\\\/www.h2otaps.com\\\/wp-content\\\/uploads\\\/2021\\\/02\\\/2-2R1.jpg?fit=7768%2C7555&ssl=1\",\"contentUrl\":\"https:\\\/\\\/i0.wp.com\\\/www.h2otaps.com\\\/wp-content\\\/uploads\\\/2021\\\/02\\\/2-2R1.jpg?fit=7768%2C7555&ssl=1\",\"width\":7768,\"height\":7555,\"caption\":\"Side view beaming lady locating under stream of water. She holding hair with arms\"},{\"@type\":\"BreadcrumbList\",\"@id\":\"https:\\\/\\\/www.h2otaps.com\\\/productos\\\/alcachofa-ducha\\\/#breadcrumb\",\"itemListElement\":[{\"@type\":\"ListItem\",\"position\":1,\"name\":\"H2oTaps\",\"item\":\"https:\\\/\\\/www.h2otaps.com\\\/\"},{\"@type\":\"ListItem\",\"position\":2,\"name\":\"Productos\",\"item\":\"https:\\\/\\\/www.h2otaps.com\\\/productos\\\/\"},{\"@type\":\"ListItem\",\"position\":3,\"name\":\"Alcachofa de ducha con filtro de Agua\"}]},{\"@type\":\"WebSite\",\"@id\":\"https:\\\/\\\/www.h2otaps.com\\\/#website\",\"url\":\"https:\\\/\\\/www.h2otaps.com\\\/\",\"name\":\"H2o Taps\",\"description\":\"Filtro agua para grifo\",\"publisher\":{\"@id\":\"https:\\\/\\\/www.h2otaps.com\\\/#organization\"},\"potentialAction\":[{\"@type\":\"SearchAction\",\"target\":{\"@type\":\"EntryPoint\",\"urlTemplate\":\"https:\\\/\\\/www.h2otaps.com\\\/?s={search_term_string}\"},\"query-input\":{\"@type\":\"PropertyValueSpecification\",\"valueRequired\":true,\"valueName\":\"search_term_string\"}}],\"inLanguage\":\"en-GB\"},{\"@type\":\"Organization\",\"@id\":\"https:\\\/\\\/www.h2otaps.com\\\/#organization\",\"name\":\"H2oTaps\",\"url\":\"https:\\\/\\\/www.h2otaps.com\\\/\",\"logo\":{\"@type\":\"ImageObject\",\"inLanguage\":\"en-GB\",\"@id\":\"https:\\\/\\\/www.h2otaps.com\\\/#\\\/schema\\\/logo\\\/image\\\/\",\"url\":\"https:\\\/\\\/i1.wp.com\\\/www.h2otaps.com\\\/wp-content\\\/uploads\\\/2020\\\/10\\\/IMG_2689-2.jpeg?fit=750%2C689&ssl=1\",\"contentUrl\":\"https:\\\/\\\/i1.wp.com\\\/www.h2otaps.com\\\/wp-content\\\/uploads\\\/2020\\\/10\\\/IMG_2689-2.jpeg?fit=750%2C689&ssl=1\",\"width\":750,\"height\":689,\"caption\":\"H2oTaps\"},\"image\":{\"@id\":\"https:\\\/\\\/www.h2otaps.com\\\/#\\\/schema\\\/logo\\\/image\\\/\"},\"sameAs\":[\"https:\\\/\\\/www.facebook.com\\\/h2otaps\\\/\",\"https:\\\/\\\/x.com\\\/H2oTaps\",\"https:\\\/\\\/www.instagram.com\\\/h2otaps\\\/\",\"https:\\\/\\\/www.youtube.com\\\/channel\\\/UC_Tjsnxu_9GuV50al68auoQ\"]}]}<\/script>\n<!-- \/ Yoast SEO plugin. -->","yoast_head_json":{"title":"Alcachofa de ducha con filtro de Agua - Cuida su piel y cabello - H2o Taps","description":"Filtro para Alcachofa de ducha fija tipo lluvia - Quita el cloro, la cal y purifica el agua de su ducha para cuidar de su piel y cabello.","robots":{"index":"index","follow":"follow","max-snippet":"max-snippet:-1","max-image-preview":"max-image-preview:large","max-video-preview":"max-video-preview:-1"},"canonical":"https:\/\/www.h2otaps.com\/en\/productos\/alcachofa-ducha\/","og_locale":"en_GB","og_type":"article","og_title":"Alcachofa de ducha con filtro de Agua - Cuida su piel y cabello - H2o Taps","og_description":"Filtro para Alcachofa de ducha fija tipo lluvia - Quita el cloro, la cal y purifica el agua de su ducha para cuidar de su piel y cabello.","og_url":"https:\/\/www.h2otaps.com\/en\/productos\/alcachofa-ducha\/","og_site_name":"H2o Taps","article_publisher":"https:\/\/www.facebook.com\/h2otaps\/","article_modified_time":"2025-03-13T08:31:48+00:00","og_image":[{"url":"https:\/\/www.h2otaps.com\/wp-content\/uploads\/2021\/02\/2-2R1.jpg","width":1024,"height":996,"type":"image\/jpeg"}],"twitter_card":"summary_large_image","twitter_site":"@H2oTaps","twitter_misc":{"Estimated reading time":"3 minutes"},"schema":{"@context":"https:\/\/schema.org","@graph":[{"@type":"WebPage","@id":"https:\/\/www.h2otaps.com\/productos\/alcachofa-ducha\/","url":"https:\/\/www.h2otaps.com\/productos\/alcachofa-ducha\/","name":"Alcachofa de ducha con filtro de Agua - Cuida su piel y cabello - H2o Taps","isPartOf":{"@id":"https:\/\/www.h2otaps.com\/#website"},"primaryImageOfPage":{"@id":"https:\/\/www.h2otaps.com\/productos\/alcachofa-ducha\/#primaryimage"},"image":{"@id":"https:\/\/www.h2otaps.com\/productos\/alcachofa-ducha\/#primaryimage"},"thumbnailUrl":"https:\/\/i0.wp.com\/www.h2otaps.com\/wp-content\/uploads\/2021\/02\/2-2R1.jpg?fit=7768%2C7555&ssl=1","datePublished":"2021-02-05T09:26:00+00:00","dateModified":"2025-03-13T08:31:48+00:00","description":"Filtro para Alcachofa de ducha fija tipo lluvia - Quita el cloro, la cal y purifica el agua de su ducha para cuidar de su piel y cabello.","breadcrumb":{"@id":"https:\/\/www.h2otaps.com\/productos\/alcachofa-ducha\/#breadcrumb"},"inLanguage":"en-GB","potentialAction":[{"@type":"ReadAction","target":["https:\/\/www.h2otaps.com\/productos\/alcachofa-ducha\/"]}]},{"@type":"ImageObject","inLanguage":"en-GB","@id":"https:\/\/www.h2otaps.com\/productos\/alcachofa-ducha\/#primaryimage","url":"https:\/\/i0.wp.com\/www.h2otaps.com\/wp-content\/uploads\/2021\/02\/2-2R1.jpg?fit=7768%2C7555&ssl=1","contentUrl":"https:\/\/i0.wp.com\/www.h2otaps.com\/wp-content\/uploads\/2021\/02\/2-2R1.jpg?fit=7768%2C7555&ssl=1","width":7768,"height":7555,"caption":"Side view beaming lady locating under stream of water. She holding hair with arms"},{"@type":"BreadcrumbList","@id":"https:\/\/www.h2otaps.com\/productos\/alcachofa-ducha\/#breadcrumb","itemListElement":[{"@type":"ListItem","position":1,"name":"H2oTaps","item":"https:\/\/www.h2otaps.com\/"},{"@type":"ListItem","position":2,"name":"Productos","item":"https:\/\/www.h2otaps.com\/productos\/"},{"@type":"ListItem","position":3,"name":"Alcachofa de ducha con filtro de Agua"}]},{"@type":"WebSite","@id":"https:\/\/www.h2otaps.com\/#website","url":"https:\/\/www.h2otaps.com\/","name":"H2o Taps","description":"Filtro agua para grifo","publisher":{"@id":"https:\/\/www.h2otaps.com\/#organization"},"potentialAction":[{"@type":"SearchAction","target":{"@type":"EntryPoint","urlTemplate":"https:\/\/www.h2otaps.com\/?s={search_term_string}"},"query-input":{"@type":"PropertyValueSpecification","valueRequired":true,"valueName":"search_term_string"}}],"inLanguage":"en-GB"},{"@type":"Organization","@id":"https:\/\/www.h2otaps.com\/#organization","name":"H2o Taps","url":"https:\/\/www.h2otaps.com\/","logo":{"@type":"ImageObject","inLanguage":"en-GB","@id":"https:\/\/www.h2otaps.com\/#\/schema\/logo\/image\/","url":"https:\/\/i1.wp.com\/www.h2otaps.com\/wp-content\/uploads\/2020\/10\/IMG_2689-2.jpeg?fit=750%2C689&ssl=1","contentUrl":"https:\/\/i1.wp.com\/www.h2otaps.com\/wp-content\/uploads\/2020\/10\/IMG_2689-2.jpeg?fit=750%2C689&ssl=1","width":750,"height":689,"caption":"H2oTaps"},"image":{"@id":"https:\/\/www.h2otaps.com\/#\/schema\/logo\/image\/"},"sameAs":["https:\/\/www.facebook.com\/h2otaps\/","https:\/\/x.com\/H2oTaps","https:\/\/www.instagram.com\/h2otaps\/","https:\/\/www.youtube.com\/channel\/UC_Tjsnxu_9GuV50al68auoQ"]}]}},"jetpack_sharing_enabled":true,"_links":{"self":[{"href":"https:\/\/www.h2otaps.com\/en\/wp-json\/wp\/v2\/product\/2751","targetHints":{"allow":["GET"]}}],"collection":[{"href":"https:\/\/www.h2otaps.com\/en\/wp-json\/wp\/v2\/product"}],"about":[{"href":"https:\/\/www.h2otaps.com\/en\/wp-json\/wp\/v2\/types\/product"}],"wp:featuredmedia":[{"embeddable":true,"href":"https:\/\/www.h2otaps.com\/en\/wp-json\/wp\/v2\/media\/2971"}],"wp:attachment":[{"href":"https:\/\/www.h2otaps.com\/en\/wp-json\/wp\/v2\/media?parent=2751"}],"wp:term":[{"taxonomy":"product_brand","embeddable":true,"href":"https:\/\/www.h2otaps.com\/en\/wp-json\/wp\/v2\/product_brand?post=2751"},{"taxonomy":"product_cat","embeddable":true,"href":"https:\/\/www.h2otaps.com\/en\/wp-json\/wp\/v2\/product_cat?post=2751"},{"taxonomy":"product_tag","embeddable":true,"href":"https:\/\/www.h2otaps.com\/en\/wp-json\/wp\/v2\/product_tag?post=2751"}],"curies":[{"name":"wp","href":"https:\/\/api.w.org\/{rel}","templated":true}]}}