{"id":2275,"date":"2020-11-17T17:41:16","date_gmt":"2020-11-17T17:41:16","guid":{"rendered":"https:\/\/www.h2otaps.com\/?page_id=2275"},"modified":"2021-02-18T14:47:56","modified_gmt":"2021-02-18T14:47:56","slug":"preguntas-frecuentes","status":"publish","type":"page","link":"https:\/\/www.h2otaps.com\/fr\/foire-aux-questions\/","title":{"rendered":"Foire aux questions (FAQ)"},"content":{"rendered":"<div data-elementor-type=\"wp-page\" data-elementor-id=\"2275\" class=\"elementor elementor-2275\">\n\t\t\t\t\t\t<section class=\"elementor-section elementor-top-section elementor-element elementor-element-27cfcff5 elementor-section-boxed elementor-section-height-default elementor-section-height-default\" data-id=\"27cfcff5\" data-element_type=\"section\" data-e-type=\"section\">\n\t\t\t\t\t\t<div class=\"elementor-container elementor-column-gap-default\">\n\t\t\t\t\t<div class=\"elementor-column elementor-col-100 elementor-top-column elementor-element elementor-element-4e0c7c8a\" data-id=\"4e0c7c8a\" data-element_type=\"column\" data-e-type=\"column\">\n\t\t\t<div class=\"elementor-widget-wrap elementor-element-populated\">\n\t\t\t\t\t\t<div class=\"elementor-element elementor-element-6bd2b7b4 elementor-widget elementor-widget-text-editor\" data-id=\"6bd2b7b4\" data-element_type=\"widget\" data-e-type=\"widget\" data-widget_type=\"text-editor.default\">\n\t\t\t\t<div class=\"elementor-widget-container\">\n\t\t\t\t\t\t\t\t\t<p><\/p>\n<p>Lorsque vous pensez \u00e0&nbsp;<strong>les filtres \u00e0 eau potable<\/strong>&nbsp;de nombreux doutes surgissent quant \u00e0 son efficacit\u00e9 ou \u00e0 la pertinence de son utilisation. C'est pourquoi nous avons rassembl\u00e9 les questions les plus fr\u00e9quemment pos\u00e9es par les utilisateurs, afin que vous puissiez trouver tout ce dont vous avez besoin et \u00eatre encourag\u00e9 \u00e0 essayer un H2o Taps.<\/p>\n<p><\/p>\n<p><\/p>\n<h2 class=\"wp-block-heading\"><strong>Un filtre est-il la m\u00eame chose qu'un purificateur d'eau ?<\/strong><\/h2>\n<p><\/p>\n<p><\/p>\n<p class=\"translation-block\">Il existe diff\u00e9rents types de filtres \u00e0 eau qui, en fonction de chacun, varient dans leur forme et leur efficacit\u00e9 pour filtrer le liquide.<\/p>\n<p><\/p>\n<p><\/p>\n<p>Dans le cas de la&nbsp;<strong>purificateur d'eau H2o Taps<\/strong>sur lequel vous pouvez en savoir plus&nbsp;<a href=\"https:\/\/www.h2otaps.com\/fr\/filtro-purificador-de-agua\/\" target=\"_blank\" rel=\"noreferrer noopener\">ici,<\/a>&nbsp;a un processus de traitement de l'eau plus agressif. Cependant, s'il \u00e9limine les agents nocifs, il vous permet de conserver les nutriments et les min\u00e9raux dont vous avez besoin.<\/p>\n<p><\/p>\n<p><\/p>\n<h2 class=\"wp-block-heading\"><strong>Les filtres \u00e0 eau domestiques de H2o Taps \u00e9liminent-ils le chlore ?<\/strong><\/h2>\n<p><\/p>\n<p><\/p>\n<p>Gr\u00e2ce \u00e0 la technologie de filtrage qu'ils proposent, les robinets H2o parviennent \u00e0 \u00e9liminer plus de 99,9% du chlore pr\u00e9sent dans l'eau du robinet. Ce composant est la principale cause du mauvais go\u00fbt de l'eau, c'est pourquoi le filtrage am\u00e9liore cet aspect.<\/p>\n<p><\/p>\n<p><\/p>\n<h2 class=\"wp-block-heading\"><strong>Puis-je l'installer moi-m\u00eame ?<\/strong><\/h2>\n<p><\/p>\n<p><\/p>\n<p>Oui, le&nbsp;<strong>syst\u00e8me de montage<\/strong>&nbsp;est si simple que vous n'avez pas besoin d'un plombier ou d'un sp\u00e9cialiste. Son m\u00e9canisme \u00e0 vis est universel et si simple qu'il suffit de quelques minutes pour commencer \u00e0 profiter de l'eau d'une mani\u00e8re diff\u00e9rente.<\/p>\n<p><\/p>\n<p><\/p>\n<h2 class=\"wp-block-heading\"><strong>Pourquoi le filtre H2o Taps est-il si efficace ?<\/strong><\/h2>\n<p><\/p>\n<p><\/p>\n<p class=\"translation-block\">Le purificateur d'eau H2o Taps, contrairement aux autres filtres, utilise un syst\u00e8me de traitement de l'eau au charbon actif. C'est sans doute le proc\u00e9d\u00e9 le plus avanc\u00e9 pour \u00e9liminer les impuret\u00e9s et autres agents ind\u00e9sirables dans le liquide.<\/p>\n<p><\/p>\n<p><\/p>\n<p>En fait, c'est cette pr\u00e9sence de charbon actif qui fait que nos filtres sont si efficaces et si bons pour la sant\u00e9. Et, avec la construction en acier inoxydable et les autres composants des cartouches de purification, ils forment un dispositif de la meilleure qualit\u00e9 et des meilleurs r\u00e9sultats.<\/p>\n<p><\/p>\n<p><\/p>\n<h2 class=\"wp-block-heading\"><strong>Quelle est la pr\u00e9cision du filtrage ? Qu'est-ce qu'il enl\u00e8ve r\u00e9ellement ?<\/strong><\/h2>\n<p><\/p>\n<p><\/p>\n<p class=\"translation-block\">Nos filtres, dot\u00e9s d'un syst\u00e8me de filtration au charbon actif, vous offrent une pr\u00e9cision de purification incroyable. De cette fa\u00e7on, vous obtenez une eau beaucoup plus saine et plus savoureuse.<\/p>\n<p><\/p>\n<p><\/p>\n<p>Cependant, gr\u00e2ce \u00e0 cette technologie, les composants et les min\u00e9raux dont votre corps a besoin sont toujours pr\u00e9serv\u00e9s. Entre-temps, plus de 80 polluants sont \u00e9limin\u00e9s, dont les suivants<\/p>\n<p><\/p>\n<p><\/p>\n<ul class=\"wp-block-list\">\n<li class=\"translation-block\">Le chlore et ses divers d\u00e9riv\u00e9s qui, en plus d'affecter votre sant\u00e9, donnent \u00e0 l'eau une odeur et un go\u00fbt quelque peu d\u00e9sagr\u00e9ables.<\/li>\n<li>Les m\u00e9taux lourds qui peuvent provenir de vieux tubes de donn\u00e9es, comme le plomb.<\/li>\n<li>Crypto-parasites, \u00e9galement connus sous le nom de cryptosporidiose, qui provoquent des infections et d'autres affections.<\/li>\n<li>Les pesticides.<\/li>\n<li>Produits chimiques organiques, connus sous le nom de compos\u00e9s organiques volatils ou VoC Elles sont courantes dans les processus de traitement de l'eau.<\/li>\n<li>Micropl\u00e1sticos.<\/li>\n<\/ul>\n<p><\/p>\n<p><\/p>\n<p class=\"translation-block\">En outre, le filtre H2o Taps r\u00e9duit la pr\u00e9sence d'autres \u00e9l\u00e9ments tout aussi nocifs, jusqu'\u00e0 en atteindre 50. Il s'agit notamment de l'arsenic, de certaines drogues et des nitrates. \u00a0<\/p>\n<p><\/p>\n<p><\/p>\n<h2 class=\"wp-block-heading\"><strong>Les filtres sont-ils uniquement destin\u00e9s \u00e0 l'eau potable ?<\/strong><\/h2>\n<p><\/p>\n<p><\/p>\n<p class=\"translation-block\">L'eau que vous consommez et avec laquelle vous cuisinez doit toujours avoir les meilleures conditions de filtrage, mais elle n'est pas la seule \u00e0 devoir \u00eatre trait\u00e9e. Dans ce sens, on peut aussi trouver un mod\u00e8le d'artichaut qui purifie l'eau de la douche.<\/p>\n<p><\/p>\n<p><\/p>\n<h2 class=\"wp-block-heading\"><strong>Pourquoi est-il bon d'acheter un filtre de douche ?<\/strong><\/h2>\n<p><\/p>\n<p><\/p>\n<p class=\"translation-block\">Bien que vous ne buviez pas cette eau, les agents nocifs qu'elle contient peuvent endommager ou maltraiter votre peau et vos cheveux. Par cons\u00e9quent, le fait d'avoir un filtre \u00e0 artichaut pour la douche H2o Taps vous aide \u00e0 garder votre corps en bonne sant\u00e9.<\/p>\n<p><\/p>\n<p><\/p>\n<h2 class=\"wp-block-heading\"><strong>Dois-je d\u00e9monter le filtre pour utiliser l'eau du robinet ?<\/strong><\/h2>\n<p><\/p>\n<p><\/p>\n<p>Bien s\u00fbr que non ! Avec notre filtre, vous pouvez d\u00e9cider tr\u00e8s facilement quelle eau utiliser gr\u00e2ce \u00e0 son levier de commande. Profitez de l'eau filtr\u00e9e ou directement du robinet selon vos besoins et sans perdre de temps.<\/p>\n<p><\/p>\n<p><\/p>\n<h2 class=\"wp-block-heading\"><strong>Pourquoi les filtres \u00e0 eau potable sont-ils meilleurs que l'eau en bouteille ?<\/strong><\/h2>\n<p><\/p>\n<p><\/p>\n<p>Boire et utiliser de l'eau filtr\u00e9e \u00e0 la maison est beaucoup plus b\u00e9n\u00e9fique que vous ne le pensez. Non seulement vous \u00e9conomisez sur vos factures annuelles d'eau en bouteille et sur le travail fastidieux et long que repr\u00e9sente le transport constant des bouteilles d'eau, mais vous contribuez \u00e9galement \u00e0 r\u00e9duire la pollution de la plan\u00e8te. \nLes filtres H2o Taps ont une dur\u00e9e de vie par cartouche bien sup\u00e9rieure \u00e0 quelques jours et n'\u00e9mettent pas une empreinte CO2 aussi agressive. Ils vous donnent \u00e9galement une eau beaucoup plus propre et plus saine.\n\nTraduit avec www.DeepL.com\/Translator (version gratuite)<\/p>\n<p><\/p>\n<p><\/p>\n<p>Les filtres H2o Taps ont une dur\u00e9e de vie bien sup\u00e9rieure \u00e0 quelques jours par cartouche et&nbsp;<strong>ils n'\u00e9mettent pas une empreinte de CO2 aussi agressive.<\/strong>. Ils vous fournissent \u00e9galement une eau beaucoup plus propre et plus saine.<\/p>\n<p><\/p>\n<p><\/p>\n<h2 class=\"wp-block-heading\"><strong>Dois-je m'inqui\u00e9ter de la rouille sur mon filtre ?<\/strong><\/h2>\n<p><\/p>\n<p><\/p>\n<p>Les pi\u00e8ces que vous trouverez dans le filtre H2o Taps sont en acier inoxydable, sp\u00e9cialement utilis\u00e9 pour \u00e9viter la rouille de ses parties.<\/p>\n<p><\/p>\n<p><\/p>\n<h2 class=\"wp-block-heading\"><strong>Dois-je annuler les frais d'exp\u00e9dition ? Puis-je acheter n'importe o\u00f9 ?<\/strong><\/h2>\n<p><\/p>\n<p><\/p>\n<p class=\"translation-block\">Nous travaillons actuellement avec des envois pour toute l'Europe, vous pourrez donc profiter de votre nouveau filtre en un rien de temps. En ce qui concerne les frais d'exp\u00e9dition, pour l'Espagne, la France, l'Italie, le Royaume-Uni et l'Allemagne, la Hollande, la Su\u00e8de est totalement gratuite et pour le reste des pays europ\u00e9ens, nous traitons le taux standard de 10 euros.<\/p>\n<p><\/p>\n<p><\/p>\n<h2 class=\"wp-block-heading\"><strong>Comment puis-je savoir si il est compatible avec mon robinet ?<\/strong><\/h2>\n<p><\/p>\n<p><\/p>\n<p>Les filtres \u00e0 eau potable H2o Taps sont compatibles avec la plupart des robinets standard. Mais si vous n'\u00eates pas s\u00fbr qu'il convienne \u00e0 votre robinet, vous pouvez nous en envoyer une photo par nos moyens de contact, nous serons heureux de r\u00e9pondre \u00e0 vos questions.&nbsp;<a href=\"https:\/\/www.h2otaps.com\/fr\/contact\/\" target=\"_blank\" rel=\"noreferrer noopener\">m\u00e9thodes de contact<\/a>Nous serons heureux de r\u00e9pondre \u00e0 vos questions.<\/p>\n<p><\/p>\n<p><\/p>\n<h2 class=\"wp-block-heading\"><strong>\u00c0 quelle fr\u00e9quence les cartouches filtrantes sont-elles remplac\u00e9es ?<\/strong><\/h2>\n<p><\/p>\n<p><\/p>\n<p>Une cartouche filtrante H2o Taps dure trois mois, mais vous pouvez facilement acheter les pi\u00e8ces de rechange. Tant pour le filtre du robinet que pour la pomme de douche, il existe une pi\u00e8ce de rechange pour garantir son bon fonctionnement.<\/p>\n<p><\/p>\n<p><\/p>\n<p class=\"translation-block\">Vous pouvez m\u00eame profiter de nos diff\u00e9rents <a href=\"https:\/\/www.h2otaps.com\/fr\/\" target=\"_self\" rel=\"noopener\">packs de cartouches disponibles<\/a>, qui vous permettent d'\u00e9conomiser du temps et de l'argent sur les changements n\u00e9cessaires.<\/p>\n<p><\/p>\t\t\t\t\t\t\t\t<\/div>\n\t\t\t\t<\/div>\n\t\t\t\t\t<\/div>\n\t\t<\/div>\n\t\t\t\t\t<\/div>\n\t\t<\/section>\n\t\t\t\t<\/div>","protected":false},"excerpt":{"rendered":"<p>Cuando piensas en los&nbsp;filtros para agua potable&nbsp;surgen muchas dudas sobre su eficacia o la conveniencia de su uso. Por eso, hemos recopilado las preguntas que m\u00e1s frecuentemente se hacen los usuarios, para que puedas conocer todo lo que necesitas y animarte a probar un H2o Taps. \u00bfEs&nbsp;igual un filtro que un purificador de agua? Existen [&hellip;]<\/p>\n","protected":false},"author":1,"featured_media":0,"parent":0,"menu_order":0,"comment_status":"closed","ping_status":"closed","template":"","meta":{"footnotes":""},"class_list":["post-2275","page","type-page","status-publish","hentry"],"yoast_head":"<!-- This site is optimized with the Yoast SEO plugin v27.3 - https:\/\/yoast.com\/product\/yoast-seo-wordpress\/ -->\n<title>Preguntras Frecuentes sobre nuestros filtros para grifos. H2o Taps.<\/title>\n<meta name=\"description\" content=\"Resuelve todas tus dudas sobre filtros para grifo con nuestra secci\u00f3n de Preguntas Frecuentes. Si necesitas m\u00e1s informaci\u00f3n, cont\u00e1ctanos.\" \/>\n<meta name=\"robots\" content=\"index, follow, max-snippet:-1, max-image-preview:large, max-video-preview:-1\" \/>\n<link rel=\"canonical\" href=\"https:\/\/www.h2otaps.com\/fr\/preguntas-frecuentes\/\" \/>\n<meta property=\"og:locale\" content=\"fr_FR\" \/>\n<meta property=\"og:type\" content=\"article\" \/>\n<meta property=\"og:title\" content=\"Preguntras Frecuentes sobre nuestros filtros para grifos. H2o Taps.\" \/>\n<meta property=\"og:description\" content=\"Resuelve todas tus dudas sobre filtros para grifo con nuestra secci\u00f3n de Preguntas Frecuentes. Si necesitas m\u00e1s informaci\u00f3n, cont\u00e1ctanos.\" \/>\n<meta property=\"og:url\" content=\"https:\/\/www.h2otaps.com\/fr\/preguntas-frecuentes\/\" \/>\n<meta property=\"og:site_name\" content=\"H2o Taps\" \/>\n<meta property=\"article:publisher\" content=\"https:\/\/www.facebook.com\/h2otaps\/\" \/>\n<meta property=\"article:modified_time\" content=\"2021-02-18T14:47:56+00:00\" \/>\n<meta name=\"twitter:card\" content=\"summary_large_image\" \/>\n<meta name=\"twitter:site\" content=\"@H2oTaps\" \/>\n<meta name=\"twitter:label1\" content=\"Dur\u00e9e de lecture estim\u00e9e\" \/>\n\t<meta name=\"twitter:data1\" content=\"5 minutes\" \/>\n<script type=\"application\/ld+json\" class=\"yoast-schema-graph\">{\"@context\":\"https:\\\/\\\/schema.org\",\"@graph\":[{\"@type\":\"WebPage\",\"@id\":\"https:\\\/\\\/www.h2otaps.com\\\/preguntas-frecuentes\\\/\",\"url\":\"https:\\\/\\\/www.h2otaps.com\\\/preguntas-frecuentes\\\/\",\"name\":\"Preguntras Frecuentes sobre nuestros filtros para grifos. H2o Taps.\",\"isPartOf\":{\"@id\":\"https:\\\/\\\/www.h2otaps.com\\\/#website\"},\"datePublished\":\"2020-11-17T17:41:16+00:00\",\"dateModified\":\"2021-02-18T14:47:56+00:00\",\"description\":\"Resuelve todas tus dudas sobre filtros para grifo con nuestra secci\u00f3n de Preguntas Frecuentes. Si necesitas m\u00e1s informaci\u00f3n, cont\u00e1ctanos.\",\"breadcrumb\":{\"@id\":\"https:\\\/\\\/www.h2otaps.com\\\/preguntas-frecuentes\\\/#breadcrumb\"},\"inLanguage\":\"fr-FR\",\"potentialAction\":[{\"@type\":\"ReadAction\",\"target\":[\"https:\\\/\\\/www.h2otaps.com\\\/preguntas-frecuentes\\\/\"]}]},{\"@type\":\"BreadcrumbList\",\"@id\":\"https:\\\/\\\/www.h2otaps.com\\\/preguntas-frecuentes\\\/#breadcrumb\",\"itemListElement\":[{\"@type\":\"ListItem\",\"position\":1,\"name\":\"H2oTaps\",\"item\":\"https:\\\/\\\/www.h2otaps.com\\\/\"},{\"@type\":\"ListItem\",\"position\":2,\"name\":\"Preguntas frecuentes\"}]},{\"@type\":\"WebSite\",\"@id\":\"https:\\\/\\\/www.h2otaps.com\\\/#website\",\"url\":\"https:\\\/\\\/www.h2otaps.com\\\/\",\"name\":\"H2o Taps\",\"description\":\"Filtro agua para grifo\",\"publisher\":{\"@id\":\"https:\\\/\\\/www.h2otaps.com\\\/#organization\"},\"potentialAction\":[{\"@type\":\"SearchAction\",\"target\":{\"@type\":\"EntryPoint\",\"urlTemplate\":\"https:\\\/\\\/www.h2otaps.com\\\/?s={search_term_string}\"},\"query-input\":{\"@type\":\"PropertyValueSpecification\",\"valueRequired\":true,\"valueName\":\"search_term_string\"}}],\"inLanguage\":\"fr-FR\"},{\"@type\":\"Organization\",\"@id\":\"https:\\\/\\\/www.h2otaps.com\\\/#organization\",\"name\":\"H2oTaps\",\"url\":\"https:\\\/\\\/www.h2otaps.com\\\/\",\"logo\":{\"@type\":\"ImageObject\",\"inLanguage\":\"fr-FR\",\"@id\":\"https:\\\/\\\/www.h2otaps.com\\\/#\\\/schema\\\/logo\\\/image\\\/\",\"url\":\"https:\\\/\\\/i1.wp.com\\\/www.h2otaps.com\\\/wp-content\\\/uploads\\\/2020\\\/10\\\/IMG_2689-2.jpeg?fit=750%2C689&ssl=1\",\"contentUrl\":\"https:\\\/\\\/i1.wp.com\\\/www.h2otaps.com\\\/wp-content\\\/uploads\\\/2020\\\/10\\\/IMG_2689-2.jpeg?fit=750%2C689&ssl=1\",\"width\":750,\"height\":689,\"caption\":\"H2oTaps\"},\"image\":{\"@id\":\"https:\\\/\\\/www.h2otaps.com\\\/#\\\/schema\\\/logo\\\/image\\\/\"},\"sameAs\":[\"https:\\\/\\\/www.facebook.com\\\/h2otaps\\\/\",\"https:\\\/\\\/x.com\\\/H2oTaps\",\"https:\\\/\\\/www.instagram.com\\\/h2otaps\\\/\",\"https:\\\/\\\/www.youtube.com\\\/channel\\\/UC_Tjsnxu_9GuV50al68auoQ\"]}]}<\/script>\n<!-- \/ Yoast SEO plugin. -->","yoast_head_json":{"title":"Foire aux questions sur nos filtres \u00e0 robinet. H2o Taps.","description":"R\u00e9solvez tous vos doutes sur les filtres \u00e0 robinet avec notre section FAQ. Si vous avez besoin de plus d'informations, contactez-nous.","robots":{"index":"index","follow":"follow","max-snippet":"max-snippet:-1","max-image-preview":"max-image-preview:large","max-video-preview":"max-video-preview:-1"},"canonical":"https:\/\/www.h2otaps.com\/fr\/preguntas-frecuentes\/","og_locale":"fr_FR","og_type":"article","og_title":"Preguntras Frecuentes sobre nuestros filtros para grifos. H2o Taps.","og_description":"Resuelve todas tus dudas sobre filtros para grifo con nuestra secci\u00f3n de Preguntas Frecuentes. Si necesitas m\u00e1s informaci\u00f3n, cont\u00e1ctanos.","og_url":"https:\/\/www.h2otaps.com\/fr\/preguntas-frecuentes\/","og_site_name":"H2o Taps","article_publisher":"https:\/\/www.facebook.com\/h2otaps\/","article_modified_time":"2021-02-18T14:47:56+00:00","twitter_card":"summary_large_image","twitter_site":"@H2oTaps","twitter_misc":{"Dur\u00e9e de lecture estim\u00e9e":"5 minutes"},"schema":{"@context":"https:\/\/schema.org","@graph":[{"@type":"WebPage","@id":"https:\/\/www.h2otaps.com\/preguntas-frecuentes\/","url":"https:\/\/www.h2otaps.com\/preguntas-frecuentes\/","name":"Foire aux questions sur nos filtres \u00e0 robinet. H2o Taps.","isPartOf":{"@id":"https:\/\/www.h2otaps.com\/#website"},"datePublished":"2020-11-17T17:41:16+00:00","dateModified":"2021-02-18T14:47:56+00:00","description":"R\u00e9solvez tous vos doutes sur les filtres \u00e0 robinet avec notre section FAQ. Si vous avez besoin de plus d'informations, contactez-nous.","breadcrumb":{"@id":"https:\/\/www.h2otaps.com\/preguntas-frecuentes\/#breadcrumb"},"inLanguage":"fr-FR","potentialAction":[{"@type":"ReadAction","target":["https:\/\/www.h2otaps.com\/preguntas-frecuentes\/"]}]},{"@type":"BreadcrumbList","@id":"https:\/\/www.h2otaps.com\/preguntas-frecuentes\/#breadcrumb","itemListElement":[{"@type":"ListItem","position":1,"name":"H2oTaps","item":"https:\/\/www.h2otaps.com\/"},{"@type":"ListItem","position":2,"name":"Preguntas frecuentes"}]},{"@type":"WebSite","@id":"https:\/\/www.h2otaps.com\/#website","url":"https:\/\/www.h2otaps.com\/","name":"H2o Taps","description":"Filtro agua para grifo","publisher":{"@id":"https:\/\/www.h2otaps.com\/#organization"},"potentialAction":[{"@type":"SearchAction","target":{"@type":"EntryPoint","urlTemplate":"https:\/\/www.h2otaps.com\/?s={search_term_string}"},"query-input":{"@type":"PropertyValueSpecification","valueRequired":true,"valueName":"search_term_string"}}],"inLanguage":"fr-FR"},{"@type":"Organization","@id":"https:\/\/www.h2otaps.com\/#organization","name":"H2o Taps","url":"https:\/\/www.h2otaps.com\/","logo":{"@type":"ImageObject","inLanguage":"fr-FR","@id":"https:\/\/www.h2otaps.com\/#\/schema\/logo\/image\/","url":"https:\/\/i1.wp.com\/www.h2otaps.com\/wp-content\/uploads\/2020\/10\/IMG_2689-2.jpeg?fit=750%2C689&ssl=1","contentUrl":"https:\/\/i1.wp.com\/www.h2otaps.com\/wp-content\/uploads\/2020\/10\/IMG_2689-2.jpeg?fit=750%2C689&ssl=1","width":750,"height":689,"caption":"H2oTaps"},"image":{"@id":"https:\/\/www.h2otaps.com\/#\/schema\/logo\/image\/"},"sameAs":["https:\/\/www.facebook.com\/h2otaps\/","https:\/\/x.com\/H2oTaps","https:\/\/www.instagram.com\/h2otaps\/","https:\/\/www.youtube.com\/channel\/UC_Tjsnxu_9GuV50al68auoQ"]}]}},"jetpack_sharing_enabled":true,"_links":{"self":[{"href":"https:\/\/www.h2otaps.com\/fr\/wp-json\/wp\/v2\/pages\/2275","targetHints":{"allow":["GET"]}}],"collection":[{"href":"https:\/\/www.h2otaps.com\/fr\/wp-json\/wp\/v2\/pages"}],"about":[{"href":"https:\/\/www.h2otaps.com\/fr\/wp-json\/wp\/v2\/types\/page"}],"author":[{"embeddable":true,"href":"https:\/\/www.h2otaps.com\/fr\/wp-json\/wp\/v2\/users\/1"}],"replies":[{"embeddable":true,"href":"https:\/\/www.h2otaps.com\/fr\/wp-json\/wp\/v2\/comments?post=2275"}],"version-history":[{"count":5,"href":"https:\/\/www.h2otaps.com\/fr\/wp-json\/wp\/v2\/pages\/2275\/revisions"}],"predecessor-version":[{"id":3399,"href":"https:\/\/www.h2otaps.com\/fr\/wp-json\/wp\/v2\/pages\/2275\/revisions\/3399"}],"wp:attachment":[{"href":"https:\/\/www.h2otaps.com\/fr\/wp-json\/wp\/v2\/media?parent=2275"}],"curies":[{"name":"wp","href":"https:\/\/api.w.org\/{rel}","templated":true}]}}