{"id":2676,"date":"2021-02-03T20:44:41","date_gmt":"2021-02-03T20:44:41","guid":{"rendered":"https:\/\/www.h2otaps.com\/?page_id=2676"},"modified":"2021-05-21T14:45:29","modified_gmt":"2021-05-21T14:45:29","slug":"filtro-para-grifo","status":"publish","type":"page","link":"https:\/\/www.h2otaps.com\/fr\/filtre-robinet\/","title":{"rendered":"Filtre pour le robinet"},"content":{"rendered":"<div data-elementor-type=\"wp-page\" data-elementor-id=\"2676\" class=\"elementor elementor-2676\">\n\t\t\t\t\t\t<section class=\"elementor-section elementor-top-section elementor-element elementor-element-1f1f8b8 elementor-section-boxed elementor-section-height-default elementor-section-height-default\" data-id=\"1f1f8b8\" data-element_type=\"section\" data-e-type=\"section\">\n\t\t\t\t\t\t<div class=\"elementor-container elementor-column-gap-default\">\n\t\t\t\t\t<div class=\"elementor-column elementor-col-50 elementor-top-column elementor-element elementor-element-50a75ff\" data-id=\"50a75ff\" data-element_type=\"column\" data-e-type=\"column\">\n\t\t\t<div class=\"elementor-widget-wrap elementor-element-populated\">\n\t\t\t\t\t\t<div class=\"elementor-element elementor-element-693bb00 elementor-widget elementor-widget-media-carousel\" data-id=\"693bb00\" data-element_type=\"widget\" data-e-type=\"widget\" data-widget_type=\"media-carousel.default\">\n\t\t\t\t<div class=\"elementor-widget-container\">\n\t\t\t\t\t \t\t\t\t<\/div>\n\t\t\t\t<\/div>\n\t\t\t\t\t<\/div>\n\t\t<\/div>\n\t\t\t\t<div class=\"elementor-column elementor-col-50 elementor-top-column elementor-element elementor-element-cc88590\" data-id=\"cc88590\" data-element_type=\"column\" data-e-type=\"column\">\n\t\t\t<div class=\"elementor-widget-wrap elementor-element-populated\">\n\t\t\t\t\t\t<div class=\"elementor-element elementor-element-5217ba8 elementor-widget elementor-widget-heading\" data-id=\"5217ba8\" data-element_type=\"widget\" data-e-type=\"widget\" data-widget_type=\"heading.default\">\n\t\t\t\t<div class=\"elementor-widget-container\">\n\t\t\t\t\t<h2 class=\"elementor-heading-title elementor-size-default\">Filtre \u00e0 eau pour robinet<\/h2>\t\t\t\t<\/div>\n\t\t\t\t<\/div>\n\t\t\t\t<div class=\"elementor-element elementor-element-71924dc elementor-widget elementor-widget-animated-headline\" data-id=\"71924dc\" data-element_type=\"widget\" data-e-type=\"widget\" data-widget_type=\"animated-headline.default\">\n\t\t\t\t<div class=\"elementor-widget-container\">\n\t\t\t\t\t \t\t\t\t<\/div>\n\t\t\t\t<\/div>\n\t\t\t\t<div class=\"elementor-element elementor-element-028b022 elementor-widget-divider--view-line elementor-widget elementor-widget-divider\" data-id=\"028b022\" data-element_type=\"widget\" data-e-type=\"widget\" data-widget_type=\"divider.default\">\n\t\t\t\t<div class=\"elementor-widget-container\">\n\t\t\t\t\t\t\t<div class=\"elementor-divider\">\n\t\t\t<span class=\"elementor-divider-separator\">\n\t\t\t\t\t\t<\/span>\n\t\t<\/div>\n\t\t\t\t\t\t<\/div>\n\t\t\t\t<\/div>\n\t\t\t\t<div class=\"elementor-element elementor-element-571002b elementor-align-start elementor-icon-list--layout-traditional elementor-list-item-link-full_width elementor-widget elementor-widget-icon-list\" data-id=\"571002b\" data-element_type=\"widget\" data-e-type=\"widget\" data-widget_type=\"icon-list.default\">\n\t\t\t\t<div class=\"elementor-widget-container\">\n\t\t\t\t\t\t\t<ul class=\"elementor-icon-list-items\">\n\t\t\t\t\t\t\t<li class=\"elementor-icon-list-item\">\n\t\t\t\t\t\t\t\t\t\t\t<span class=\"elementor-icon-list-icon\">\n\t\t\t\t\t\t\t<i aria-hidden=\"true\" class=\"fas fa-wrench\"><\/i>\t\t\t\t\t\t<\/span>\n\t\t\t\t\t\t\t\t\t\t<span class=\"elementor-icon-list-text\">Installation tr\u00e8s facile, AUCUN plombier n\u00e9cessaire, adaptateurs inclus<\/span>\n\t\t\t\t\t\t\t\t\t<\/li>\n\t\t\t\t\t\t\t\t<li class=\"elementor-icon-list-item\">\n\t\t\t\t\t\t\t\t\t\t\t<span class=\"elementor-icon-list-icon\">\n\t\t\t\t\t\t\t<i aria-hidden=\"true\" class=\"fas fa-check\"><\/i>\t\t\t\t\t\t<\/span>\n\t\t\t\t\t\t\t\t\t\t<span class=\"elementor-icon-list-text\">Puret\u00e9 maximale instantan\u00e9e de l'eau : changement de cartouche tous les 3 mois<\/span>\n\t\t\t\t\t\t\t\t\t<\/li>\n\t\t\t\t\t\t\t\t<li class=\"elementor-icon-list-item\">\n\t\t\t\t\t\t\t\t\t\t\t<span class=\"elementor-icon-list-icon\">\n\t\t\t\t\t\t\t<i aria-hidden=\"true\" class=\"fas fa-check\"><\/i>\t\t\t\t\t\t<\/span>\n\t\t\t\t\t\t\t\t\t\t<span class=\"elementor-icon-list-text\">\u00c9limine 99,99 % du chlore mais n'\u00e9limine PAS les min\u00e9raux qui sont bons pour la sant\u00e9. Filtration sur charbon actif + KDF et 3 autres \u00e9tapes. <\/span>\n\t\t\t\t\t\t\t\t\t<\/li>\n\t\t\t\t\t\t\t\t<li class=\"elementor-icon-list-item\">\n\t\t\t\t\t\t\t\t\t\t\t<span class=\"elementor-icon-list-icon\">\n\t\t\t\t\t\t\t<i aria-hidden=\"true\" class=\"fas fa-check\"><\/i>\t\t\t\t\t\t<\/span>\n\t\t\t\t\t\t\t\t\t\t<span class=\"elementor-icon-list-text\">Un excellent service \u00e0 la client\u00e8le<\/span>\n\t\t\t\t\t\t\t\t\t<\/li>\n\t\t\t\t\t\t\t\t<li class=\"elementor-icon-list-item\">\n\t\t\t\t\t\t\t\t\t\t\t<span class=\"elementor-icon-list-icon\">\n\t\t\t\t\t\t\t<i aria-hidden=\"true\" class=\"fas fa-check\"><\/i>\t\t\t\t\t\t<\/span>\n\t\t\t\t\t\t\t\t\t\t<span class=\"elementor-icon-list-text\">\u00c9conomies et efficacit\u00e9 : permet d'\u00e9conomiser jusqu'\u00e0 300 euros par an.<br>En outre, gr\u00e2ce \u00e0 nos filtres, vous contribuerez \u00e0 la <b>l'am\u00e9lioration de l'environnement car vous r\u00e9duirez votre consommation de plastique.<\/b><\/span>\n\t\t\t\t\t\t\t\t\t<\/li>\n\t\t\t\t\t\t\t\t<li class=\"elementor-icon-list-item\">\n\t\t\t\t\t\t\t\t\t\t\t<span class=\"elementor-icon-list-icon\">\n\t\t\t\t\t\t\t<i aria-hidden=\"true\" class=\"fas fa-check\"><\/i>\t\t\t\t\t\t<\/span>\n\t\t\t\t\t\t\t\t\t\t<span class=\"elementor-icon-list-text\">Une filtration plus avanc\u00e9e : <br>Am\u00e9liore le go\u00fbt et \u00e9limine le plomb, le chlore \u00e0 100 %, la salet\u00e9, le sable, la rouille et les compos\u00e9s organiques. <br>Nuestra precisi\u00f3n de filtrado es mayor que la del filtro ceramico ordinario.<\/span>\n\t\t\t\t\t\t\t\t\t<\/li>\n\t\t\t\t\t\t<\/ul>\n\t\t\t\t\t\t<\/div>\n\t\t\t\t<\/div>\n\t\t\t\t<div class=\"elementor-element elementor-element-256202f elementor-widget elementor-widget-animated-headline\" data-id=\"256202f\" data-element_type=\"widget\" data-e-type=\"widget\" data-widget_type=\"animated-headline.default\">\n\t\t\t\t<div class=\"elementor-widget-container\">\n\t\t\t\t\t \t\t\t\t<\/div>\n\t\t\t\t<\/div>\n\t\t\t\t\t<\/div>\n\t\t<\/div>\n\t\t\t\t\t<\/div>\n\t\t<\/section>\n\t\t\t\t<section class=\"elementor-section elementor-top-section elementor-element elementor-element-4a4055a elementor-section-boxed elementor-section-height-default elementor-section-height-default\" data-id=\"4a4055a\" data-element_type=\"section\" data-e-type=\"section\">\n\t\t\t\t\t\t<div class=\"elementor-container elementor-column-gap-default\">\n\t\t\t\t\t<div class=\"elementor-column elementor-col-50 elementor-top-column elementor-element elementor-element-56fa45a\" data-id=\"56fa45a\" data-element_type=\"column\" data-e-type=\"column\">\n\t\t\t<div class=\"elementor-widget-wrap elementor-element-populated\">\n\t\t\t\t\t\t<div class=\"elementor-element elementor-element-992716d elementor-widget elementor-widget-price-table\" data-id=\"992716d\" data-element_type=\"widget\" data-e-type=\"widget\" data-widget_type=\"price-table.default\">\n\t\t\t\t<div class=\"elementor-widget-container\">\n\t\t\t\t\t \t\t\t\t<\/div>\n\t\t\t\t<\/div>\n\t\t\t\t<div class=\"elementor-element elementor-element-452791a elementor-widget elementor-widget-wc-add-to-cart\" data-id=\"452791a\" data-element_type=\"widget\" data-e-type=\"widget\" data-widget_type=\"wc-add-to-cart.default\">\n\t\t\t\t<div class=\"elementor-widget-container\">\n\t\t\t\t\t \t\t\t\t<\/div>\n\t\t\t\t<\/div>\n\t\t\t\t\t<\/div>\n\t\t<\/div>\n\t\t\t\t<div class=\"elementor-column elementor-col-50 elementor-top-column elementor-element elementor-element-67e7d0f\" data-id=\"67e7d0f\" data-element_type=\"column\" data-e-type=\"column\">\n\t\t\t<div class=\"elementor-widget-wrap elementor-element-populated\">\n\t\t\t\t\t\t<div class=\"elementor-element elementor-element-2ae4243 elementor-widget elementor-widget-price-table\" data-id=\"2ae4243\" data-element_type=\"widget\" data-e-type=\"widget\" data-widget_type=\"price-table.default\">\n\t\t\t\t<div class=\"elementor-widget-container\">\n\t\t\t\t\t \t\t\t\t<\/div>\n\t\t\t\t<\/div>\n\t\t\t\t<div class=\"elementor-element elementor-element-994b090 elementor-widget elementor-widget-wc-add-to-cart\" data-id=\"994b090\" data-element_type=\"widget\" data-e-type=\"widget\" data-widget_type=\"wc-add-to-cart.default\">\n\t\t\t\t<div class=\"elementor-widget-container\">\n\t\t\t\t\t \t\t\t\t<\/div>\n\t\t\t\t<\/div>\n\t\t\t\t\t<\/div>\n\t\t<\/div>\n\t\t\t\t\t<\/div>\n\t\t<\/section>\n\t\t\t\t<section class=\"elementor-section elementor-top-section elementor-element elementor-element-c3dae88 elementor-section-boxed elementor-section-height-default elementor-section-height-default\" data-id=\"c3dae88\" data-element_type=\"section\" data-e-type=\"section\">\n\t\t\t\t\t\t<div class=\"elementor-container elementor-column-gap-default\">\n\t\t\t\t\t<div class=\"elementor-column elementor-col-100 elementor-top-column elementor-element elementor-element-f3ddc59\" data-id=\"f3ddc59\" data-element_type=\"column\" data-e-type=\"column\">\n\t\t\t<div class=\"elementor-widget-wrap elementor-element-populated\">\n\t\t\t\t\t\t<div class=\"elementor-element elementor-element-1059ce4 elementor-widget elementor-widget-shortcode\" data-id=\"1059ce4\" data-element_type=\"widget\" data-e-type=\"widget\" data-widget_type=\"shortcode.default\">\n\t\t\t\t<div class=\"elementor-widget-container\">\n\t\t\t\t\t\t\t\t<script>\r\n\t\t\t\tvar helpfulcrowdStoreId = 'J8Sp3L';\r\n\t\t\t\tvar helpfulcrowdWidgets = [];\r\n\t\t\t<\/script>\r\n\t\t\t\t\t<div class=\"elementor-shortcode\"><script>helpfulcrowdWidgets.push('review_slider')<\/script><div class=\"hc-widget\"><div data-hc=\"review-slider\"><\/div><\/div><\/div>\n\t\t\t\t\t\t<\/div>\n\t\t\t\t<\/div>\n\t\t\t\t\t<\/div>\n\t\t<\/div>\n\t\t\t\t\t<\/div>\n\t\t<\/section>\n\t\t\t\t<section class=\"elementor-section elementor-top-section elementor-element elementor-element-ff0be6b elementor-section-boxed elementor-section-height-default elementor-section-height-default\" data-id=\"ff0be6b\" data-element_type=\"section\" data-e-type=\"section\">\n\t\t\t\t\t\t<div class=\"elementor-container elementor-column-gap-default\">\n\t\t\t\t\t<div class=\"elementor-column elementor-col-100 elementor-top-column elementor-element elementor-element-142e521\" data-id=\"142e521\" data-element_type=\"column\" data-e-type=\"column\">\n\t\t\t<div class=\"elementor-widget-wrap elementor-element-populated\">\n\t\t\t\t\t\t<div class=\"elementor-element elementor-element-0bf9190 elementor-widget elementor-widget-animated-headline\" data-id=\"0bf9190\" data-element_type=\"widget\" data-e-type=\"widget\" data-widget_type=\"animated-headline.default\">\n\t\t\t\t<div class=\"elementor-widget-container\">\n\t\t\t\t\t \t\t\t\t<\/div>\n\t\t\t\t<\/div>\n\t\t\t\t<div class=\"elementor-element elementor-element-e1946ea elementor-widget elementor-widget-shortcode\" data-id=\"e1946ea\" data-element_type=\"widget\" data-e-type=\"widget\" data-widget_type=\"shortcode.default\">\n\t\t\t\t<div class=\"elementor-widget-container\">\n\t\t\t\t\t\t\t<div class=\"elementor-shortcode\"><div data-src=\"https:\/\/cdn.trustindex.io\/loader.js?c4bf8c7112af1292395eec81c3\"><\/div><\/div>\n\t\t\t\t\t\t<\/div>\n\t\t\t\t<\/div>\n\t\t\t\t\t<\/div>\n\t\t<\/div>\n\t\t\t\t\t<\/div>\n\t\t<\/section>\n\t\t\t\t<section class=\"elementor-section elementor-top-section elementor-element elementor-element-0511acd elementor-section-boxed elementor-section-height-default elementor-section-height-default\" data-id=\"0511acd\" data-element_type=\"section\" data-e-type=\"section\">\n\t\t\t\t\t\t<div class=\"elementor-container elementor-column-gap-default\">\n\t\t\t\t\t<div class=\"elementor-column elementor-col-100 elementor-top-column elementor-element elementor-element-fb268cd\" data-id=\"fb268cd\" data-element_type=\"column\" data-e-type=\"column\">\n\t\t\t<div class=\"elementor-widget-wrap elementor-element-populated\">\n\t\t\t\t\t\t<div class=\"elementor-element elementor-element-822fe2b elementor-shape-rounded elementor-grid-0 e-grid-align-center elementor-widget elementor-widget-social-icons\" data-id=\"822fe2b\" data-element_type=\"widget\" data-e-type=\"widget\" data-widget_type=\"social-icons.default\">\n\t\t\t\t<div class=\"elementor-widget-container\">\n\t\t\t\t\t\t\t<div class=\"elementor-social-icons-wrapper elementor-grid\">\n\t\t\t\t\t\t\t<span class=\"elementor-grid-item\">\n\t\t\t\t\t<a class=\"elementor-icon elementor-social-icon elementor-social-icon-youtube elementor-repeater-item-f4f22fd\" href=\"https:\/\/www.youtube.com\/channel\/UC_Tjsnxu_9GuV50al68auoQ\" target=\"_blank\">\n\t\t\t\t\t\t<span class=\"elementor-screen-only\">Youtube<\/span>\n\t\t\t\t\t\t<i aria-hidden=\"true\" class=\"fab fa-youtube\"><\/i>\t\t\t\t\t<\/a>\n\t\t\t\t<\/span>\n\t\t\t\t\t<\/div>\n\t\t\t\t\t\t<\/div>\n\t\t\t\t<\/div>\n\t\t\t\t\t<\/div>\n\t\t<\/div>\n\t\t\t\t\t<\/div>\n\t\t<\/section>\n\t\t\t\t<section class=\"elementor-section elementor-top-section elementor-element elementor-element-1ab7bd6 elementor-section-boxed elementor-section-height-default elementor-section-height-default\" data-id=\"1ab7bd6\" data-element_type=\"section\" data-e-type=\"section\">\n\t\t\t\t\t\t<div class=\"elementor-container elementor-column-gap-default\">\n\t\t\t\t\t<div class=\"elementor-column elementor-col-100 elementor-top-column elementor-element elementor-element-e977003\" data-id=\"e977003\" data-element_type=\"column\" data-e-type=\"column\">\n\t\t\t<div class=\"elementor-widget-wrap elementor-element-populated\">\n\t\t\t\t\t\t<div class=\"elementor-element elementor-element-4178836 elementor-widget elementor-widget-woocommerce-products\" data-id=\"4178836\" data-element_type=\"widget\" data-e-type=\"widget\" data-widget_type=\"woocommerce-products.default\">\n\t\t\t\t<div class=\"elementor-widget-container\">\n\t\t\t\t\t \t\t\t\t<\/div>\n\t\t\t\t<\/div>\n\t\t\t\t\t<\/div>\n\t\t<\/div>\n\t\t\t\t\t<\/div>\n\t\t<\/section>\n\t\t\t\t<section class=\"elementor-section elementor-top-section elementor-element elementor-element-1754892 elementor-section-boxed elementor-section-height-default elementor-section-height-default\" data-id=\"1754892\" data-element_type=\"section\" data-e-type=\"section\">\n\t\t\t\t\t\t<div class=\"elementor-container elementor-column-gap-default\">\n\t\t\t\t\t<div class=\"elementor-column elementor-col-100 elementor-top-column elementor-element elementor-element-adc95ba\" data-id=\"adc95ba\" data-element_type=\"column\" data-e-type=\"column\">\n\t\t\t<div class=\"elementor-widget-wrap elementor-element-populated\">\n\t\t\t\t\t\t<div class=\"elementor-element elementor-element-4f5b83d elementor-widget elementor-widget-share-buttons\" data-id=\"4f5b83d\" data-element_type=\"widget\" data-e-type=\"widget\" data-widget_type=\"share-buttons.default\">\n\t\t\t\t<div class=\"elementor-widget-container\">\n\t\t\t\t\t \t\t\t\t<\/div>\n\t\t\t\t<\/div>\n\t\t\t\t\t<\/div>\n\t\t<\/div>\n\t\t\t\t\t<\/div>\n\t\t<\/section>\n\t\t\t\t<\/div>","protected":false},"excerpt":{"rendered":"<p>Play Previous Next Filtro de Agua para Grifo Nuestro filtro es en Acero Inoxidable Instalaci\u00f3n muy facil, NO necesita fontanero, adaptadores incluidos M\u00e1xima Pureza del Agua al instante: cambio de cartuchos cada 3 meses Elimina el 99,99% del Cloro pero NO elimina los minerales buenos para la salud. Filtraci\u00f3n carb\u00f3n activo + KDF y 3 [&hellip;]<\/p>\n","protected":false},"author":1,"featured_media":1651,"parent":0,"menu_order":0,"comment_status":"closed","ping_status":"closed","template":"elementor_header_footer","meta":{"footnotes":""},"class_list":["post-2676","page","type-page","status-publish","has-post-thumbnail","hentry"],"yoast_head":"<!-- This site is optimized with the Yoast SEO plugin v27.5 - https:\/\/yoast.com\/product\/yoast-seo-wordpress\/ -->\n<title>Filtro para Grifo - H2o Taps - Agua pura al instante<\/title>\n<meta name=\"description\" content=\"Con nuestro filtro H2o Taps podr\u00e1n filtrar el agua de su grifo y obtener agua pura al instante - Asi de facil - Satisfaccion garantizada\" \/>\n<meta name=\"robots\" content=\"index, follow, max-snippet:-1, max-image-preview:large, max-video-preview:-1\" \/>\n<link rel=\"canonical\" href=\"https:\/\/www.h2otaps.com\/fr\/filtro-para-grifo\/\" \/>\n<meta property=\"og:locale\" content=\"fr_FR\" \/>\n<meta property=\"og:type\" content=\"article\" \/>\n<meta property=\"og:title\" content=\"Filtro para Grifo - H2o Taps - Agua pura al instante\" \/>\n<meta property=\"og:description\" content=\"Con nuestro filtro H2o Taps podr\u00e1n filtrar el agua de su grifo y obtener agua pura al instante - Asi de facil - Satisfaccion garantizada\" \/>\n<meta property=\"og:url\" content=\"https:\/\/www.h2otaps.com\/fr\/filtro-para-grifo\/\" \/>\n<meta property=\"og:site_name\" content=\"H2o Taps\" \/>\n<meta property=\"article:publisher\" content=\"https:\/\/www.facebook.com\/h2otaps\/\" \/>\n<meta property=\"article:modified_time\" content=\"2021-05-21T14:45:29+00:00\" \/>\n<meta property=\"og:image\" content=\"https:\/\/i1.wp.com\/www.h2otaps.com\/wp-content\/uploads\/2020\/10\/46FD9EBA-810E-4B6A-86C5-E29CDB1B8CB5.jpeg?fit=1440%2C1440&ssl=1\" \/>\n\t<meta property=\"og:image:width\" content=\"1440\" \/>\n\t<meta property=\"og:image:height\" content=\"1440\" \/>\n\t<meta property=\"og:image:type\" content=\"image\/jpeg\" \/>\n<meta name=\"twitter:card\" content=\"summary_large_image\" \/>\n<meta name=\"twitter:site\" content=\"@H2oTaps\" \/>\n<meta name=\"twitter:label1\" content=\"Dur\u00e9e de lecture estim\u00e9e\" \/>\n\t<meta name=\"twitter:data1\" content=\"5 minutes\" \/>\n<script type=\"application\/ld+json\" class=\"yoast-schema-graph\">{\"@context\":\"https:\\\/\\\/schema.org\",\"@graph\":[{\"@type\":\"WebPage\",\"@id\":\"https:\\\/\\\/www.h2otaps.com\\\/filtro-para-grifo\\\/\",\"url\":\"https:\\\/\\\/www.h2otaps.com\\\/filtro-para-grifo\\\/\",\"name\":\"Filtro para Grifo - H2o Taps - Agua pura al instante\",\"isPartOf\":{\"@id\":\"https:\\\/\\\/www.h2otaps.com\\\/#website\"},\"primaryImageOfPage\":{\"@id\":\"https:\\\/\\\/www.h2otaps.com\\\/filtro-para-grifo\\\/#primaryimage\"},\"image\":{\"@id\":\"https:\\\/\\\/www.h2otaps.com\\\/filtro-para-grifo\\\/#primaryimage\"},\"thumbnailUrl\":\"https:\\\/\\\/i0.wp.com\\\/www.h2otaps.com\\\/wp-content\\\/uploads\\\/2020\\\/10\\\/46FD9EBA-810E-4B6A-86C5-E29CDB1B8CB5.jpeg?fit=1440%2C1440&ssl=1\",\"datePublished\":\"2021-02-03T20:44:41+00:00\",\"dateModified\":\"2021-05-21T14:45:29+00:00\",\"description\":\"Con nuestro filtro H2o Taps podr\u00e1n filtrar el agua de su grifo y obtener agua pura al instante - Asi de facil - Satisfaccion garantizada\",\"breadcrumb\":{\"@id\":\"https:\\\/\\\/www.h2otaps.com\\\/filtro-para-grifo\\\/#breadcrumb\"},\"inLanguage\":\"fr-FR\",\"potentialAction\":[{\"@type\":\"ReadAction\",\"target\":[\"https:\\\/\\\/www.h2otaps.com\\\/filtro-para-grifo\\\/\"]}]},{\"@type\":\"ImageObject\",\"inLanguage\":\"fr-FR\",\"@id\":\"https:\\\/\\\/www.h2otaps.com\\\/filtro-para-grifo\\\/#primaryimage\",\"url\":\"https:\\\/\\\/i0.wp.com\\\/www.h2otaps.com\\\/wp-content\\\/uploads\\\/2020\\\/10\\\/46FD9EBA-810E-4B6A-86C5-E29CDB1B8CB5.jpeg?fit=1440%2C1440&ssl=1\",\"contentUrl\":\"https:\\\/\\\/i0.wp.com\\\/www.h2otaps.com\\\/wp-content\\\/uploads\\\/2020\\\/10\\\/46FD9EBA-810E-4B6A-86C5-E29CDB1B8CB5.jpeg?fit=1440%2C1440&ssl=1\",\"width\":1440,\"height\":1440},{\"@type\":\"BreadcrumbList\",\"@id\":\"https:\\\/\\\/www.h2otaps.com\\\/filtro-para-grifo\\\/#breadcrumb\",\"itemListElement\":[{\"@type\":\"ListItem\",\"position\":1,\"name\":\"H2oTaps\",\"item\":\"https:\\\/\\\/www.h2otaps.com\\\/\"},{\"@type\":\"ListItem\",\"position\":2,\"name\":\"Filtro para Grifo\"}]},{\"@type\":\"WebSite\",\"@id\":\"https:\\\/\\\/www.h2otaps.com\\\/#website\",\"url\":\"https:\\\/\\\/www.h2otaps.com\\\/\",\"name\":\"H2o Taps\",\"description\":\"Filtro agua para grifo\",\"publisher\":{\"@id\":\"https:\\\/\\\/www.h2otaps.com\\\/#organization\"},\"potentialAction\":[{\"@type\":\"SearchAction\",\"target\":{\"@type\":\"EntryPoint\",\"urlTemplate\":\"https:\\\/\\\/www.h2otaps.com\\\/?s={search_term_string}\"},\"query-input\":{\"@type\":\"PropertyValueSpecification\",\"valueRequired\":true,\"valueName\":\"search_term_string\"}}],\"inLanguage\":\"fr-FR\"},{\"@type\":\"Organization\",\"@id\":\"https:\\\/\\\/www.h2otaps.com\\\/#organization\",\"name\":\"H2oTaps\",\"url\":\"https:\\\/\\\/www.h2otaps.com\\\/\",\"logo\":{\"@type\":\"ImageObject\",\"inLanguage\":\"fr-FR\",\"@id\":\"https:\\\/\\\/www.h2otaps.com\\\/#\\\/schema\\\/logo\\\/image\\\/\",\"url\":\"https:\\\/\\\/i1.wp.com\\\/www.h2otaps.com\\\/wp-content\\\/uploads\\\/2020\\\/10\\\/IMG_2689-2.jpeg?fit=750%2C689&ssl=1\",\"contentUrl\":\"https:\\\/\\\/i1.wp.com\\\/www.h2otaps.com\\\/wp-content\\\/uploads\\\/2020\\\/10\\\/IMG_2689-2.jpeg?fit=750%2C689&ssl=1\",\"width\":750,\"height\":689,\"caption\":\"H2oTaps\"},\"image\":{\"@id\":\"https:\\\/\\\/www.h2otaps.com\\\/#\\\/schema\\\/logo\\\/image\\\/\"},\"sameAs\":[\"https:\\\/\\\/www.facebook.com\\\/h2otaps\\\/\",\"https:\\\/\\\/x.com\\\/H2oTaps\",\"https:\\\/\\\/www.instagram.com\\\/h2otaps\\\/\",\"https:\\\/\\\/www.youtube.com\\\/channel\\\/UC_Tjsnxu_9GuV50al68auoQ\"]}]}<\/script>\n<!-- \/ Yoast SEO plugin. -->","yoast_head_json":{"title":"Filtre pour robinet - H2o Taps - Eau pure instantan\u00e9e","description":"Avec notre filtre H2o Taps, vous pouvez filtrer l'eau de votre robinet et obtenir de l'eau pure instantan\u00e9ment - C'est aussi simple que cela - Satisfaction garantie.","robots":{"index":"index","follow":"follow","max-snippet":"max-snippet:-1","max-image-preview":"max-image-preview:large","max-video-preview":"max-video-preview:-1"},"canonical":"https:\/\/www.h2otaps.com\/fr\/filtro-para-grifo\/","og_locale":"fr_FR","og_type":"article","og_title":"Filtro para Grifo - H2o Taps - Agua pura al instante","og_description":"Con nuestro filtro H2o Taps podr\u00e1n filtrar el agua de su grifo y obtener agua pura al instante - Asi de facil - Satisfaccion garantizada","og_url":"https:\/\/www.h2otaps.com\/fr\/filtro-para-grifo\/","og_site_name":"H2o Taps","article_publisher":"https:\/\/www.facebook.com\/h2otaps\/","article_modified_time":"2021-05-21T14:45:29+00:00","og_image":[{"width":1440,"height":1440,"url":"https:\/\/i1.wp.com\/www.h2otaps.com\/wp-content\/uploads\/2020\/10\/46FD9EBA-810E-4B6A-86C5-E29CDB1B8CB5.jpeg?fit=1440%2C1440&ssl=1","type":"image\/jpeg"}],"twitter_card":"summary_large_image","twitter_site":"@H2oTaps","twitter_misc":{"Dur\u00e9e de lecture estim\u00e9e":"5 minutes"},"schema":{"@context":"https:\/\/schema.org","@graph":[{"@type":"WebPage","@id":"https:\/\/www.h2otaps.com\/filtro-para-grifo\/","url":"https:\/\/www.h2otaps.com\/filtro-para-grifo\/","name":"Filtre pour robinet - H2o Taps - Eau pure instantan\u00e9e","isPartOf":{"@id":"https:\/\/www.h2otaps.com\/#website"},"primaryImageOfPage":{"@id":"https:\/\/www.h2otaps.com\/filtro-para-grifo\/#primaryimage"},"image":{"@id":"https:\/\/www.h2otaps.com\/filtro-para-grifo\/#primaryimage"},"thumbnailUrl":"https:\/\/i0.wp.com\/www.h2otaps.com\/wp-content\/uploads\/2020\/10\/46FD9EBA-810E-4B6A-86C5-E29CDB1B8CB5.jpeg?fit=1440%2C1440&ssl=1","datePublished":"2021-02-03T20:44:41+00:00","dateModified":"2021-05-21T14:45:29+00:00","description":"Avec notre filtre H2o Taps, vous pouvez filtrer l'eau de votre robinet et obtenir de l'eau pure instantan\u00e9ment - C'est aussi simple que cela - Satisfaction garantie.","breadcrumb":{"@id":"https:\/\/www.h2otaps.com\/filtro-para-grifo\/#breadcrumb"},"inLanguage":"fr-FR","potentialAction":[{"@type":"ReadAction","target":["https:\/\/www.h2otaps.com\/filtro-para-grifo\/"]}]},{"@type":"ImageObject","inLanguage":"fr-FR","@id":"https:\/\/www.h2otaps.com\/filtro-para-grifo\/#primaryimage","url":"https:\/\/i0.wp.com\/www.h2otaps.com\/wp-content\/uploads\/2020\/10\/46FD9EBA-810E-4B6A-86C5-E29CDB1B8CB5.jpeg?fit=1440%2C1440&ssl=1","contentUrl":"https:\/\/i0.wp.com\/www.h2otaps.com\/wp-content\/uploads\/2020\/10\/46FD9EBA-810E-4B6A-86C5-E29CDB1B8CB5.jpeg?fit=1440%2C1440&ssl=1","width":1440,"height":1440},{"@type":"BreadcrumbList","@id":"https:\/\/www.h2otaps.com\/filtro-para-grifo\/#breadcrumb","itemListElement":[{"@type":"ListItem","position":1,"name":"H2oTaps","item":"https:\/\/www.h2otaps.com\/"},{"@type":"ListItem","position":2,"name":"Filtro para Grifo"}]},{"@type":"WebSite","@id":"https:\/\/www.h2otaps.com\/#website","url":"https:\/\/www.h2otaps.com\/","name":"H2o Taps","description":"Filtro agua para grifo","publisher":{"@id":"https:\/\/www.h2otaps.com\/#organization"},"potentialAction":[{"@type":"SearchAction","target":{"@type":"EntryPoint","urlTemplate":"https:\/\/www.h2otaps.com\/?s={search_term_string}"},"query-input":{"@type":"PropertyValueSpecification","valueRequired":true,"valueName":"search_term_string"}}],"inLanguage":"fr-FR"},{"@type":"Organization","@id":"https:\/\/www.h2otaps.com\/#organization","name":"H2o Taps","url":"https:\/\/www.h2otaps.com\/","logo":{"@type":"ImageObject","inLanguage":"fr-FR","@id":"https:\/\/www.h2otaps.com\/#\/schema\/logo\/image\/","url":"https:\/\/i1.wp.com\/www.h2otaps.com\/wp-content\/uploads\/2020\/10\/IMG_2689-2.jpeg?fit=750%2C689&ssl=1","contentUrl":"https:\/\/i1.wp.com\/www.h2otaps.com\/wp-content\/uploads\/2020\/10\/IMG_2689-2.jpeg?fit=750%2C689&ssl=1","width":750,"height":689,"caption":"H2oTaps"},"image":{"@id":"https:\/\/www.h2otaps.com\/#\/schema\/logo\/image\/"},"sameAs":["https:\/\/www.facebook.com\/h2otaps\/","https:\/\/x.com\/H2oTaps","https:\/\/www.instagram.com\/h2otaps\/","https:\/\/www.youtube.com\/channel\/UC_Tjsnxu_9GuV50al68auoQ"]}]}},"jetpack_sharing_enabled":true,"_links":{"self":[{"href":"https:\/\/www.h2otaps.com\/fr\/wp-json\/wp\/v2\/pages\/2676","targetHints":{"allow":["GET"]}}],"collection":[{"href":"https:\/\/www.h2otaps.com\/fr\/wp-json\/wp\/v2\/pages"}],"about":[{"href":"https:\/\/www.h2otaps.com\/fr\/wp-json\/wp\/v2\/types\/page"}],"author":[{"embeddable":true,"href":"https:\/\/www.h2otaps.com\/fr\/wp-json\/wp\/v2\/users\/1"}],"replies":[{"embeddable":true,"href":"https:\/\/www.h2otaps.com\/fr\/wp-json\/wp\/v2\/comments?post=2676"}],"version-history":[{"count":142,"href":"https:\/\/www.h2otaps.com\/fr\/wp-json\/wp\/v2\/pages\/2676\/revisions"}],"predecessor-version":[{"id":3598,"href":"https:\/\/www.h2otaps.com\/fr\/wp-json\/wp\/v2\/pages\/2676\/revisions\/3598"}],"wp:featuredmedia":[{"embeddable":true,"href":"https:\/\/www.h2otaps.com\/fr\/wp-json\/wp\/v2\/media\/1651"}],"wp:attachment":[{"href":"https:\/\/www.h2otaps.com\/fr\/wp-json\/wp\/v2\/media?parent=2676"}],"curies":[{"name":"wp","href":"https:\/\/api.w.org\/{rel}","templated":true}]}}