{"id":3224,"date":"2021-02-07T00:26:23","date_gmt":"2021-02-07T00:26:23","guid":{"rendered":"https:\/\/www.h2otaps.com\/?post_type=product&#038;p=3224"},"modified":"2026-03-30T18:14:48","modified_gmt":"2026-03-30T18:14:48","slug":"filtro-de-agua-para-grifo-4-cartuchos-pack-anual","status":"publish","type":"product","link":"https:\/\/www.h2otaps.com\/it\/productos\/filtro-de-agua-para-grifo-4-cartuchos-pack-anual\/","title":{"rendered":"Filtro per acqua del rubinetto + 4 cartucce - Pack annuale"},"content":{"rendered":"<h2 style=\"text-align: center;\" class=\"translation-block\">Il filtro per l'acqua pi\u00f9 facile da installare e <br>da usare per un'acqua pura e dal buon sapore a casa.<\/h2>\n<p>&nbsp;<\/p>\n<h3 style=\"text-align: left;\">Perch\u00e9 comprare il nostro filtro?<\/h3>\n<p class=\"p1\">\ud83d\udca7 Il nostro filtro per l'acqua in acciaio inossidabile dal design elegante \u00e8 pi\u00f9 durevole dei filtri per rubinetti in plastica ABS in quanto previene rotture e deformazioni. \u00c8 anche atossico come la plastica, \u00e8 <strong>ecologico<\/strong> nessun rischio, nessuna perdita - Una volta provato l'acciaio inossidabile noterete immediatamente la differenza in meglio.<\/p>\n<p>&nbsp;<\/p>\n<p class=\"p1\">\ud83d\udca7 Usiamo la tecnologia di filtrazione pi\u00f9 avanzata che fornisce una filtrazione di precisione che migliora il gusto della tua acqua e rimuove piombo, cloro, salmonella, pesticidi, calce (a seconda della durezza della tua acqua), sporco, sabbia, ruggine e composti organici. Il nostro <strong>precisione di filtraggio<\/strong> \u00e8 pi\u00f9 grande di quella di un normale filtro in ceramica o a carbone attivo.<\/p>\n<p class=\"p1\">\ud83d\udca7 Nessun idraulico \u00e8 richiesto per l'installazione, \u00e8 compatibile con la maggior parte dei rubinetti. Per essere sicuri della compatibilit\u00e0 del sistema con il vostro rubinetto, non esitate a <a href=\"https:\/\/www.h2otaps.com\/it\/contact\/\" target=\"_blank\" rel=\"noopener\">Contattateci<\/a> in caso di dubbio.<\/p>\n<p>\ud83d\udca7 Puoi vedere quanto puoi risparmiare filtrando la tua acqua di rubinetto a casa, risparmiando fino a 300 euro all'anno. Oltre al <strong>grande comfort<\/strong> che significa non portare pi\u00f9 bottiglie di plastica, contribuirete al miglioramento dell'ambiente perch\u00e9 ridurrete il vostro consumo di plastica.<\/p>\n<blockquote>\n<p style=\"text-align: center;\"><strong>Fai la tua parte per l'ambiente con il filtro per l'acqua del rubinetto H2o Taps.<\/strong><\/p>\n<p style=\"text-align: center;\"><strong>Una Alternativa Economica, Confortevole e Rispettosa dell'ambiente.<\/strong><\/p>\n<\/blockquote>\n<p>&nbsp;<\/p>\n<h3>Consigli per un corretto funzionamento del filtro del rubinetto:<\/h3>\n<p>\u2192 Lasciate passare l'acqua attraverso il filtro per 1 minuto durante il primo utilizzo per rimuovere eventuali impurit\u00e0 residue, anche quando si sostituisce la cartuccia con una nuova.<\/p>\n<p class=\"translation-block\">\u2192 Utilizzare l'acqua filtrata solo con <strong>acqua fredda<\/strong>, l'acqua calda danneggia la cartuccia e perde la sua efficacia.<\/p>\n<p class=\"translation-block\"><strong>TDS: <\/strong>un modo affidabile per misurare la qualit\u00e0 dell'acqua? Non \u00e8 per uso individuale, poich\u00e9 questo sistema di misurazione non specifica i parametri definitivi, vi dice solo che la vostra acqua \u00e8 pi\u00f9 o meno mineralizzata a seconda della lettura. \u00c8 un sistema valido, ma una lettura alta (all'interno della gamma raccomandata) non significa che la vostra acqua sia cattiva.<\/p>\n<p>La vostra acqua di rubinetto \u00e8 sicura da bere. Molte acque minerali hanno livelli di TDS pi\u00f9 alti della vostra acqua di rubinetto.<\/p>\n<p>L'Organizzazione Mondiale della Sanit\u00e0 (WHO) considera questi livelli di TDS:<\/p>\n<p>Meno di 300: Eccellente<\/p>\n<p>da 300 - 600: Buono<\/p>\n<p>600 - 900: regolare<\/p>\n<p>900- 1200: Scarso<\/p>\n<p>oltre 1200: Male<\/p>\n<p>Conclusione: se la tua lettura dei TDS \u00e8 nella gamma raccomandata, non devi preoccuparti. Vi assicuriamo che il nostro sistema di filtrazione migliora il gusto della vostra acqua e rimuove i contaminanti nocivi dalla vostra acqua. Articolo informativo sull'argomento, <a href=\"https:\/\/www.fundacionaquae.org\/calidad-agua\/\" target=\"_blank\" rel=\"noopener\">clicca qui<\/a><\/p>\n<p>Domande frequenti <a href=\"https:\/\/www.h2otaps.com\/it\/preguntas-frecuentes\/\">clicca qui<\/a><\/p>","protected":false},"excerpt":{"rendered":"<p><span style=\"color: #000000;\">\ud83d\udca7 Alloggiamento in acciaio inossidabile - Durevole - Non supporta alcuna crescita fungina e batterica a differenza della plastica - Rispettoso dell'ambiente<\/span><\/p>\n<p><span style=\"color: #000000;\">\ud83d\udca7 Installazione molto facile - Compatibile con la maggior parte dei rubinetti<\/span><\/p>\n<p><span style=\"color: #000000;\">\ud83d\udca7 Rimuove le sostanze inquinanti che sono dannose per la nostra salute ma lascia minerali essenziali come magnesio, potassio, ferro, iodio, zinco<\/span><\/p>\n<p><span style=\"color: #000000;\">\ud83d\udca7 Acqua filtrata per 1 anno <\/span><\/p>","protected":false},"featured_media":3569,"template":"","meta":[],"product_brand":[],"product_cat":[104],"product_tag":[103],"class_list":{"0":"post-3224","1":"product","2":"type-product","3":"status-publish","4":"has-post-thumbnail","6":"product_cat-filtro-para-grifo","7":"product_tag-filtro-agua-grifo","9":"first","10":"instock","11":"downloadable","12":"taxable","13":"shipping-taxable","14":"purchasable","15":"product-type-simple"},"yoast_head":"<!-- This site is optimized with the Yoast SEO plugin v27.3 - https:\/\/yoast.com\/product\/yoast-seo-wordpress\/ -->\n<title>Filtro de Agua para Grifo + 4 Cartuchos - Pack Anual - H2o Taps<\/title>\n<meta name=\"description\" content=\"Filtrar el Agua del grifo con H2o Taps - La manera m\u00e1s f\u00e1cil y sostenible de beber agua del grifo con nuestro filtros de agua para grifo\" \/>\n<meta name=\"robots\" content=\"index, follow, max-snippet:-1, max-image-preview:large, max-video-preview:-1\" \/>\n<link rel=\"canonical\" href=\"https:\/\/www.h2otaps.com\/it\/productos\/filtro-de-agua-para-grifo-4-cartuchos-pack-anual\/\" \/>\n<meta property=\"og:locale\" content=\"it_IT\" \/>\n<meta property=\"og:type\" content=\"article\" \/>\n<meta property=\"og:title\" content=\"Filtro de Agua para Grifo + 4 Cartuchos - Pack Anual - H2o Taps\" \/>\n<meta property=\"og:description\" content=\"Filtrar el Agua del grifo con H2o Taps - La manera m\u00e1s f\u00e1cil y sostenible de beber agua del grifo con nuestro filtros de agua para grifo\" \/>\n<meta property=\"og:url\" content=\"https:\/\/www.h2otaps.com\/it\/productos\/filtro-de-agua-para-grifo-4-cartuchos-pack-anual\/\" \/>\n<meta property=\"og:site_name\" content=\"H2o Taps\" \/>\n<meta property=\"article:publisher\" content=\"https:\/\/www.facebook.com\/h2otaps\/\" \/>\n<meta property=\"article:modified_time\" content=\"2026-03-30T18:14:48+00:00\" \/>\n<meta property=\"og:image\" content=\"https:\/\/www.h2otaps.com\/wp-content\/uploads\/2021\/05\/1D4E070B-6FA9-45C7-A401-1408143413FB-scaled.jpg\" \/>\n\t<meta property=\"og:image:width\" content=\"2560\" \/>\n\t<meta property=\"og:image:height\" content=\"2389\" \/>\n\t<meta property=\"og:image:type\" content=\"image\/jpeg\" \/>\n<meta name=\"twitter:card\" content=\"summary_large_image\" \/>\n<meta name=\"twitter:site\" content=\"@H2oTaps\" \/>\n<meta name=\"twitter:label1\" content=\"Tempo di lettura stimato\" \/>\n\t<meta name=\"twitter:data1\" content=\"3 minuti\" \/>\n<script type=\"application\/ld+json\" class=\"yoast-schema-graph\">{\"@context\":\"https:\\\/\\\/schema.org\",\"@graph\":[{\"@type\":\"WebPage\",\"@id\":\"https:\\\/\\\/www.h2otaps.com\\\/productos\\\/filtro-de-agua-para-grifo-4-cartuchos-pack-anual\\\/\",\"url\":\"https:\\\/\\\/www.h2otaps.com\\\/productos\\\/filtro-de-agua-para-grifo-4-cartuchos-pack-anual\\\/\",\"name\":\"Filtro de Agua para Grifo + 4 Cartuchos - Pack Anual - H2o Taps\",\"isPartOf\":{\"@id\":\"https:\\\/\\\/www.h2otaps.com\\\/#website\"},\"primaryImageOfPage\":{\"@id\":\"https:\\\/\\\/www.h2otaps.com\\\/productos\\\/filtro-de-agua-para-grifo-4-cartuchos-pack-anual\\\/#primaryimage\"},\"image\":{\"@id\":\"https:\\\/\\\/www.h2otaps.com\\\/productos\\\/filtro-de-agua-para-grifo-4-cartuchos-pack-anual\\\/#primaryimage\"},\"thumbnailUrl\":\"https:\\\/\\\/i0.wp.com\\\/www.h2otaps.com\\\/wp-content\\\/uploads\\\/2021\\\/05\\\/1D4E070B-6FA9-45C7-A401-1408143413FB-scaled.jpg?fit=2560%2C2389&ssl=1\",\"datePublished\":\"2021-02-07T00:26:23+00:00\",\"dateModified\":\"2026-03-30T18:14:48+00:00\",\"description\":\"Filtrar el Agua del grifo con H2o Taps - La manera m\u00e1s f\u00e1cil y sostenible de beber agua del grifo con nuestro filtros de agua para grifo\",\"breadcrumb\":{\"@id\":\"https:\\\/\\\/www.h2otaps.com\\\/productos\\\/filtro-de-agua-para-grifo-4-cartuchos-pack-anual\\\/#breadcrumb\"},\"inLanguage\":\"it-IT\",\"potentialAction\":[{\"@type\":\"ReadAction\",\"target\":[\"https:\\\/\\\/www.h2otaps.com\\\/productos\\\/filtro-de-agua-para-grifo-4-cartuchos-pack-anual\\\/\"]}]},{\"@type\":\"ImageObject\",\"inLanguage\":\"it-IT\",\"@id\":\"https:\\\/\\\/www.h2otaps.com\\\/productos\\\/filtro-de-agua-para-grifo-4-cartuchos-pack-anual\\\/#primaryimage\",\"url\":\"https:\\\/\\\/i0.wp.com\\\/www.h2otaps.com\\\/wp-content\\\/uploads\\\/2021\\\/05\\\/1D4E070B-6FA9-45C7-A401-1408143413FB-scaled.jpg?fit=2560%2C2389&ssl=1\",\"contentUrl\":\"https:\\\/\\\/i0.wp.com\\\/www.h2otaps.com\\\/wp-content\\\/uploads\\\/2021\\\/05\\\/1D4E070B-6FA9-45C7-A401-1408143413FB-scaled.jpg?fit=2560%2C2389&ssl=1\",\"width\":2560,\"height\":2389},{\"@type\":\"BreadcrumbList\",\"@id\":\"https:\\\/\\\/www.h2otaps.com\\\/productos\\\/filtro-de-agua-para-grifo-4-cartuchos-pack-anual\\\/#breadcrumb\",\"itemListElement\":[{\"@type\":\"ListItem\",\"position\":1,\"name\":\"H2oTaps\",\"item\":\"https:\\\/\\\/www.h2otaps.com\\\/\"},{\"@type\":\"ListItem\",\"position\":2,\"name\":\"Productos\",\"item\":\"https:\\\/\\\/www.h2otaps.com\\\/productos\\\/\"},{\"@type\":\"ListItem\",\"position\":3,\"name\":\"Filtro de Agua para Grifo + 4 Cartuchos &#8211; Pack Anual\"}]},{\"@type\":\"WebSite\",\"@id\":\"https:\\\/\\\/www.h2otaps.com\\\/#website\",\"url\":\"https:\\\/\\\/www.h2otaps.com\\\/\",\"name\":\"H2o Taps\",\"description\":\"Filtro agua para grifo\",\"publisher\":{\"@id\":\"https:\\\/\\\/www.h2otaps.com\\\/#organization\"},\"potentialAction\":[{\"@type\":\"SearchAction\",\"target\":{\"@type\":\"EntryPoint\",\"urlTemplate\":\"https:\\\/\\\/www.h2otaps.com\\\/?s={search_term_string}\"},\"query-input\":{\"@type\":\"PropertyValueSpecification\",\"valueRequired\":true,\"valueName\":\"search_term_string\"}}],\"inLanguage\":\"it-IT\"},{\"@type\":\"Organization\",\"@id\":\"https:\\\/\\\/www.h2otaps.com\\\/#organization\",\"name\":\"H2oTaps\",\"url\":\"https:\\\/\\\/www.h2otaps.com\\\/\",\"logo\":{\"@type\":\"ImageObject\",\"inLanguage\":\"it-IT\",\"@id\":\"https:\\\/\\\/www.h2otaps.com\\\/#\\\/schema\\\/logo\\\/image\\\/\",\"url\":\"https:\\\/\\\/i1.wp.com\\\/www.h2otaps.com\\\/wp-content\\\/uploads\\\/2020\\\/10\\\/IMG_2689-2.jpeg?fit=750%2C689&ssl=1\",\"contentUrl\":\"https:\\\/\\\/i1.wp.com\\\/www.h2otaps.com\\\/wp-content\\\/uploads\\\/2020\\\/10\\\/IMG_2689-2.jpeg?fit=750%2C689&ssl=1\",\"width\":750,\"height\":689,\"caption\":\"H2oTaps\"},\"image\":{\"@id\":\"https:\\\/\\\/www.h2otaps.com\\\/#\\\/schema\\\/logo\\\/image\\\/\"},\"sameAs\":[\"https:\\\/\\\/www.facebook.com\\\/h2otaps\\\/\",\"https:\\\/\\\/x.com\\\/H2oTaps\",\"https:\\\/\\\/www.instagram.com\\\/h2otaps\\\/\",\"https:\\\/\\\/www.youtube.com\\\/channel\\\/UC_Tjsnxu_9GuV50al68auoQ\"]}]}<\/script>\n<!-- \/ Yoast SEO plugin. -->","yoast_head_json":{"title":"Filtro de Agua para Grifo + 4 Cartuchos - Pack Anual - H2o Taps","description":"Filtrar el Agua del grifo con H2o Taps - La manera m\u00e1s f\u00e1cil y sostenible de beber agua del grifo con nuestro filtros de agua para grifo","robots":{"index":"index","follow":"follow","max-snippet":"max-snippet:-1","max-image-preview":"max-image-preview:large","max-video-preview":"max-video-preview:-1"},"canonical":"https:\/\/www.h2otaps.com\/it\/productos\/filtro-de-agua-para-grifo-4-cartuchos-pack-anual\/","og_locale":"it_IT","og_type":"article","og_title":"Filtro de Agua para Grifo + 4 Cartuchos - Pack Anual - H2o Taps","og_description":"Filtrar el Agua del grifo con H2o Taps - La manera m\u00e1s f\u00e1cil y sostenible de beber agua del grifo con nuestro filtros de agua para grifo","og_url":"https:\/\/www.h2otaps.com\/it\/productos\/filtro-de-agua-para-grifo-4-cartuchos-pack-anual\/","og_site_name":"H2o Taps","article_publisher":"https:\/\/www.facebook.com\/h2otaps\/","article_modified_time":"2026-03-30T18:14:48+00:00","og_image":[{"width":2560,"height":2389,"url":"https:\/\/www.h2otaps.com\/wp-content\/uploads\/2021\/05\/1D4E070B-6FA9-45C7-A401-1408143413FB-scaled.jpg","type":"image\/jpeg"}],"twitter_card":"summary_large_image","twitter_site":"@H2oTaps","twitter_misc":{"Tempo di lettura stimato":"3 minuti"},"schema":{"@context":"https:\/\/schema.org","@graph":[{"@type":"WebPage","@id":"https:\/\/www.h2otaps.com\/productos\/filtro-de-agua-para-grifo-4-cartuchos-pack-anual\/","url":"https:\/\/www.h2otaps.com\/productos\/filtro-de-agua-para-grifo-4-cartuchos-pack-anual\/","name":"Filtro de Agua para Grifo + 4 Cartuchos - Pack Anual - H2o Taps","isPartOf":{"@id":"https:\/\/www.h2otaps.com\/#website"},"primaryImageOfPage":{"@id":"https:\/\/www.h2otaps.com\/productos\/filtro-de-agua-para-grifo-4-cartuchos-pack-anual\/#primaryimage"},"image":{"@id":"https:\/\/www.h2otaps.com\/productos\/filtro-de-agua-para-grifo-4-cartuchos-pack-anual\/#primaryimage"},"thumbnailUrl":"https:\/\/i0.wp.com\/www.h2otaps.com\/wp-content\/uploads\/2021\/05\/1D4E070B-6FA9-45C7-A401-1408143413FB-scaled.jpg?fit=2560%2C2389&ssl=1","datePublished":"2021-02-07T00:26:23+00:00","dateModified":"2026-03-30T18:14:48+00:00","description":"Filtrar el Agua del grifo con H2o Taps - La manera m\u00e1s f\u00e1cil y sostenible de beber agua del grifo con nuestro filtros de agua para grifo","breadcrumb":{"@id":"https:\/\/www.h2otaps.com\/productos\/filtro-de-agua-para-grifo-4-cartuchos-pack-anual\/#breadcrumb"},"inLanguage":"it-IT","potentialAction":[{"@type":"ReadAction","target":["https:\/\/www.h2otaps.com\/productos\/filtro-de-agua-para-grifo-4-cartuchos-pack-anual\/"]}]},{"@type":"ImageObject","inLanguage":"it-IT","@id":"https:\/\/www.h2otaps.com\/productos\/filtro-de-agua-para-grifo-4-cartuchos-pack-anual\/#primaryimage","url":"https:\/\/i0.wp.com\/www.h2otaps.com\/wp-content\/uploads\/2021\/05\/1D4E070B-6FA9-45C7-A401-1408143413FB-scaled.jpg?fit=2560%2C2389&ssl=1","contentUrl":"https:\/\/i0.wp.com\/www.h2otaps.com\/wp-content\/uploads\/2021\/05\/1D4E070B-6FA9-45C7-A401-1408143413FB-scaled.jpg?fit=2560%2C2389&ssl=1","width":2560,"height":2389},{"@type":"BreadcrumbList","@id":"https:\/\/www.h2otaps.com\/productos\/filtro-de-agua-para-grifo-4-cartuchos-pack-anual\/#breadcrumb","itemListElement":[{"@type":"ListItem","position":1,"name":"H2oTaps","item":"https:\/\/www.h2otaps.com\/"},{"@type":"ListItem","position":2,"name":"Productos","item":"https:\/\/www.h2otaps.com\/productos\/"},{"@type":"ListItem","position":3,"name":"Filtro de Agua para Grifo + 4 Cartuchos &#8211; Pack Anual"}]},{"@type":"WebSite","@id":"https:\/\/www.h2otaps.com\/#website","url":"https:\/\/www.h2otaps.com\/","name":"H2o Taps","description":"Filtro agua para grifo","publisher":{"@id":"https:\/\/www.h2otaps.com\/#organization"},"potentialAction":[{"@type":"SearchAction","target":{"@type":"EntryPoint","urlTemplate":"https:\/\/www.h2otaps.com\/?s={search_term_string}"},"query-input":{"@type":"PropertyValueSpecification","valueRequired":true,"valueName":"search_term_string"}}],"inLanguage":"it-IT"},{"@type":"Organization","@id":"https:\/\/www.h2otaps.com\/#organization","name":"H2o Taps","url":"https:\/\/www.h2otaps.com\/","logo":{"@type":"ImageObject","inLanguage":"it-IT","@id":"https:\/\/www.h2otaps.com\/#\/schema\/logo\/image\/","url":"https:\/\/i1.wp.com\/www.h2otaps.com\/wp-content\/uploads\/2020\/10\/IMG_2689-2.jpeg?fit=750%2C689&ssl=1","contentUrl":"https:\/\/i1.wp.com\/www.h2otaps.com\/wp-content\/uploads\/2020\/10\/IMG_2689-2.jpeg?fit=750%2C689&ssl=1","width":750,"height":689,"caption":"H2oTaps"},"image":{"@id":"https:\/\/www.h2otaps.com\/#\/schema\/logo\/image\/"},"sameAs":["https:\/\/www.facebook.com\/h2otaps\/","https:\/\/x.com\/H2oTaps","https:\/\/www.instagram.com\/h2otaps\/","https:\/\/www.youtube.com\/channel\/UC_Tjsnxu_9GuV50al68auoQ"]}]}},"jetpack_sharing_enabled":true,"_links":{"self":[{"href":"https:\/\/www.h2otaps.com\/it\/wp-json\/wp\/v2\/product\/3224","targetHints":{"allow":["GET"]}}],"collection":[{"href":"https:\/\/www.h2otaps.com\/it\/wp-json\/wp\/v2\/product"}],"about":[{"href":"https:\/\/www.h2otaps.com\/it\/wp-json\/wp\/v2\/types\/product"}],"wp:featuredmedia":[{"embeddable":true,"href":"https:\/\/www.h2otaps.com\/it\/wp-json\/wp\/v2\/media\/3569"}],"wp:attachment":[{"href":"https:\/\/www.h2otaps.com\/it\/wp-json\/wp\/v2\/media?parent=3224"}],"wp:term":[{"taxonomy":"product_brand","embeddable":true,"href":"https:\/\/www.h2otaps.com\/it\/wp-json\/wp\/v2\/product_brand?post=3224"},{"taxonomy":"product_cat","embeddable":true,"href":"https:\/\/www.h2otaps.com\/it\/wp-json\/wp\/v2\/product_cat?post=3224"},{"taxonomy":"product_tag","embeddable":true,"href":"https:\/\/www.h2otaps.com\/it\/wp-json\/wp\/v2\/product_tag?post=3224"}],"curies":[{"name":"wp","href":"https:\/\/api.w.org\/{rel}","templated":true}]}}