{"id":3225,"date":"2021-02-07T00:27:30","date_gmt":"2021-02-07T00:27:30","guid":{"rendered":"https:\/\/www.h2otaps.com\/?post_type=product&#038;p=3225"},"modified":"2026-04-02T14:24:57","modified_gmt":"2026-04-02T14:24:57","slug":"cartuchos-recambio-h2o-taps-pack-2","status":"publish","type":"product","link":"https:\/\/www.h2otaps.com\/it\/productos\/cartuchos-recambio-h2o-taps-pack-2\/","title":{"rendered":"Cartucce di ricambio per rubinetti - CONFEZIONE 2 cartucce"},"content":{"rendered":"<h2 style=\"text-align: center;\">Cartucce di ricambio per rubinetti<\/h2>\n<h2 style=\"text-align: center;\">Confezione da 2 cartucce<br \/>\nAcqua pura e di buon gusto a casa vostra<\/h2>\n<p>&nbsp;<\/p>\n<h3 style=\"text-align: left;\">La cartuccia H2o Taps<\/h3>\n<p class=\"p1\">\ud83d\udca7 Usiamo la tecnologia di filtrazione pi\u00f9 avanzata che fornisce una filtrazione di precisione che migliora il gusto della tua acqua e rimuove piombo, cloro, salmonella, pesticidi, calce (a seconda della durezza della tua acqua), sporco, sabbia, ruggine e composti organici. Il nostro <strong>precisione di filtraggio<\/strong> es mayor que la de un filtro de cer\u00e1mica o carb\u00f3n activo ordinario. Obtendr\u00e1 una agua filtrada de muy buena calidad con nuestro cartuchos de recambio.<\/p>\n<p>\ud83d\udca7 Puoi vedere quanto puoi risparmiare filtrando la tua acqua di rubinetto a casa, risparmiando fino a 300 euro all'anno. Oltre al <strong>grande comfort<\/strong> che significa non portare pi\u00f9 bottiglie di plastica, contribuirete al miglioramento dell'ambiente perch\u00e9 ridurrete il vostro consumo di plastica.<\/p>\n<blockquote>\n<p style=\"text-align: center;\"><strong>Fai la tua parte per l'ambiente con il filtro per l'acqua del rubinetto H2o Taps.<\/strong><\/p>\n<p style=\"text-align: center;\"><strong>Una Alternativa Economica, Confortevole e Rispettosa dell'ambiente.<\/strong><\/p>\n<\/blockquote>\n<p>&nbsp;<\/p>\n<h3>Consigli per un corretto funzionamento del filtro del rubinetto:<\/h3>\n<p>\u2192 Lasciate passare l'acqua attraverso il filtro per 1 minuto durante il primo utilizzo per rimuovere eventuali impurit\u00e0 residue, anche quando si sostituisce la cartuccia con una nuova.<\/p>\n<p class=\"translation-block\">\u2192 Utilizzare l'acqua filtrata solo con <strong>acqua fredda<\/strong>, l'acqua calda danneggia la cartuccia e perde la sua efficacia.<\/p>\n<p class=\"translation-block\"><strong>TDS: <\/strong>un modo affidabile per misurare la qualit\u00e0 dell'acqua? Non \u00e8 per uso individuale, poich\u00e9 questo sistema di misurazione non specifica i parametri definitivi, vi dice solo che la vostra acqua \u00e8 pi\u00f9 o meno mineralizzata a seconda della lettura. \u00c8 un sistema valido, ma una lettura alta (all'interno della gamma raccomandata) non significa che la vostra acqua sia cattiva.<\/p>\n<p>La vostra acqua di rubinetto \u00e8 sicura da bere. Molte acque minerali hanno livelli di TDS pi\u00f9 alti della vostra acqua di rubinetto.<\/p>\n<p>L'Organizzazione Mondiale della Sanit\u00e0 (WHO) considera questi livelli di TDS:<\/p>\n<p>Meno di 300: Eccellente<\/p>\n<p>da 300 - 600: Buono<\/p>\n<p>600 - 900: regolare<\/p>\n<p>900- 1200: Scarso<\/p>\n<p>oltre 1200: Male<\/p>\n<p>Conclusione: se la tua lettura dei TDS \u00e8 nella gamma raccomandata, non devi preoccuparti. Vi assicuriamo che il nostro sistema di filtrazione migliora il gusto della vostra acqua e rimuove i contaminanti nocivi dalla vostra acqua. Articolo informativo sull'argomento, <a href=\"https:\/\/www.fundacionaquae.org\/calidad-agua\/\" target=\"_blank\" rel=\"noopener\">clicca qui<\/a><\/p>\n<p>Domande frequenti <a href=\"https:\/\/www.h2otaps.com\/it\/preguntas-frecuentes\/\">clicca qui<\/a><\/p>","protected":false},"excerpt":{"rendered":"<p>&nbsp;<\/p>\n<p><span style=\"color: #000000;\">\ud83d\udca7 Installazione molto facile\u00a0<\/span><br \/>\n<span style=\"color: #000000;\">\ud83d\udca7 Rimuove le sostanze inquinanti che sono dannose per la nostra salute ma lascia minerali essenziali come magnesio, potassio, ferro, iodio, zinco<br \/>\n\ud83d\udca7\u00a0 3 meses de agua filtrada con cada cartuchos \u2013 6 meses en total con el pack de 2\u00a0 \u00a0\u00a0<\/span><\/p>\n<p><span style=\"color: #000000;\">\ud83d\udca7 Compra 2 pack \u2013 Ahorra con el <strong>Pack Annual\u00a0<\/strong><\/span><\/p>\n<p><span style=\"color: #000080;\">Spedizione gratuita\u00a0<\/span><\/p>","protected":false},"featured_media":4046,"template":"","meta":[],"product_brand":[],"product_cat":[105],"product_tag":[114],"class_list":{"0":"post-3225","1":"product","2":"type-product","3":"status-publish","4":"has-post-thumbnail","6":"product_cat-cartuchos-recambios","7":"product_tag-cartuchos-recambio","9":"first","10":"instock","11":"taxable","12":"shipping-taxable","13":"purchasable","14":"product-type-simple"},"yoast_head":"<!-- This site is optimized with the Yoast SEO plugin v27.3 - https:\/\/yoast.com\/product\/yoast-seo-wordpress\/ -->\n<title>H2o Taps - Cartuchos recambio grifo - PACK 2 Cartuchos - Para 6 meses<\/title>\n<meta name=\"description\" content=\"Paquete de 2 cartuchos de recambio para el filtro de agua sobre grifo de H2o Taps de una duraci\u00f3n total de 6 Meses de agua filtrada.\" \/>\n<meta name=\"robots\" content=\"index, follow, max-snippet:-1, max-image-preview:large, max-video-preview:-1\" \/>\n<link rel=\"canonical\" href=\"https:\/\/www.h2otaps.com\/it\/productos\/cartuchos-recambio-h2o-taps-pack-2\/\" \/>\n<meta property=\"og:locale\" content=\"it_IT\" \/>\n<meta property=\"og:type\" content=\"article\" \/>\n<meta property=\"og:title\" content=\"H2o Taps - Cartuchos recambio grifo - PACK 2 Cartuchos - Para 6 meses\" \/>\n<meta property=\"og:description\" content=\"Paquete de 2 cartuchos de recambio para el filtro de agua sobre grifo de H2o Taps de una duraci\u00f3n total de 6 Meses de agua filtrada.\" \/>\n<meta property=\"og:url\" content=\"https:\/\/www.h2otaps.com\/it\/productos\/cartuchos-recambio-h2o-taps-pack-2\/\" \/>\n<meta property=\"og:site_name\" content=\"H2o Taps\" \/>\n<meta property=\"article:publisher\" content=\"https:\/\/www.facebook.com\/h2otaps\/\" \/>\n<meta property=\"article:modified_time\" content=\"2026-04-02T14:24:57+00:00\" \/>\n<meta property=\"og:image\" content=\"https:\/\/www.h2otaps.com\/wp-content\/uploads\/2021\/02\/033-1-scaled.jpg\" \/>\n\t<meta property=\"og:image:width\" content=\"2560\" \/>\n\t<meta property=\"og:image:height\" content=\"2560\" \/>\n\t<meta property=\"og:image:type\" content=\"image\/jpeg\" \/>\n<meta name=\"twitter:card\" content=\"summary_large_image\" \/>\n<meta name=\"twitter:site\" content=\"@H2oTaps\" \/>\n<meta name=\"twitter:label1\" content=\"Tempo di lettura stimato\" \/>\n\t<meta name=\"twitter:data1\" content=\"2 minuti\" \/>\n<script type=\"application\/ld+json\" class=\"yoast-schema-graph\">{\"@context\":\"https:\\\/\\\/schema.org\",\"@graph\":[{\"@type\":\"WebPage\",\"@id\":\"https:\\\/\\\/www.h2otaps.com\\\/productos\\\/cartuchos-recambio-h2o-taps-pack-2\\\/\",\"url\":\"https:\\\/\\\/www.h2otaps.com\\\/productos\\\/cartuchos-recambio-h2o-taps-pack-2\\\/\",\"name\":\"H2o Taps - Cartuchos recambio grifo - PACK 2 Cartuchos - Para 6 meses\",\"isPartOf\":{\"@id\":\"https:\\\/\\\/www.h2otaps.com\\\/#website\"},\"primaryImageOfPage\":{\"@id\":\"https:\\\/\\\/www.h2otaps.com\\\/productos\\\/cartuchos-recambio-h2o-taps-pack-2\\\/#primaryimage\"},\"image\":{\"@id\":\"https:\\\/\\\/www.h2otaps.com\\\/productos\\\/cartuchos-recambio-h2o-taps-pack-2\\\/#primaryimage\"},\"thumbnailUrl\":\"https:\\\/\\\/i0.wp.com\\\/www.h2otaps.com\\\/wp-content\\\/uploads\\\/2021\\\/02\\\/033-1-scaled.jpg?fit=2560%2C2560&ssl=1\",\"datePublished\":\"2021-02-07T00:27:30+00:00\",\"dateModified\":\"2026-04-02T14:24:57+00:00\",\"description\":\"Paquete de 2 cartuchos de recambio para el filtro de agua sobre grifo de H2o Taps de una duraci\u00f3n total de 6 Meses de agua filtrada.\",\"breadcrumb\":{\"@id\":\"https:\\\/\\\/www.h2otaps.com\\\/productos\\\/cartuchos-recambio-h2o-taps-pack-2\\\/#breadcrumb\"},\"inLanguage\":\"it-IT\",\"potentialAction\":[{\"@type\":\"ReadAction\",\"target\":[\"https:\\\/\\\/www.h2otaps.com\\\/productos\\\/cartuchos-recambio-h2o-taps-pack-2\\\/\"]}]},{\"@type\":\"ImageObject\",\"inLanguage\":\"it-IT\",\"@id\":\"https:\\\/\\\/www.h2otaps.com\\\/productos\\\/cartuchos-recambio-h2o-taps-pack-2\\\/#primaryimage\",\"url\":\"https:\\\/\\\/i0.wp.com\\\/www.h2otaps.com\\\/wp-content\\\/uploads\\\/2021\\\/02\\\/033-1-scaled.jpg?fit=2560%2C2560&ssl=1\",\"contentUrl\":\"https:\\\/\\\/i0.wp.com\\\/www.h2otaps.com\\\/wp-content\\\/uploads\\\/2021\\\/02\\\/033-1-scaled.jpg?fit=2560%2C2560&ssl=1\",\"width\":2560,\"height\":2560},{\"@type\":\"BreadcrumbList\",\"@id\":\"https:\\\/\\\/www.h2otaps.com\\\/productos\\\/cartuchos-recambio-h2o-taps-pack-2\\\/#breadcrumb\",\"itemListElement\":[{\"@type\":\"ListItem\",\"position\":1,\"name\":\"H2oTaps\",\"item\":\"https:\\\/\\\/www.h2otaps.com\\\/\"},{\"@type\":\"ListItem\",\"position\":2,\"name\":\"Productos\",\"item\":\"https:\\\/\\\/www.h2otaps.com\\\/productos\\\/\"},{\"@type\":\"ListItem\",\"position\":3,\"name\":\"Cartuchos recambio grifo &#8211; PACK 2 Cartuchos\"}]},{\"@type\":\"WebSite\",\"@id\":\"https:\\\/\\\/www.h2otaps.com\\\/#website\",\"url\":\"https:\\\/\\\/www.h2otaps.com\\\/\",\"name\":\"H2o Taps\",\"description\":\"Filtro agua para grifo\",\"publisher\":{\"@id\":\"https:\\\/\\\/www.h2otaps.com\\\/#organization\"},\"potentialAction\":[{\"@type\":\"SearchAction\",\"target\":{\"@type\":\"EntryPoint\",\"urlTemplate\":\"https:\\\/\\\/www.h2otaps.com\\\/?s={search_term_string}\"},\"query-input\":{\"@type\":\"PropertyValueSpecification\",\"valueRequired\":true,\"valueName\":\"search_term_string\"}}],\"inLanguage\":\"it-IT\"},{\"@type\":\"Organization\",\"@id\":\"https:\\\/\\\/www.h2otaps.com\\\/#organization\",\"name\":\"H2oTaps\",\"url\":\"https:\\\/\\\/www.h2otaps.com\\\/\",\"logo\":{\"@type\":\"ImageObject\",\"inLanguage\":\"it-IT\",\"@id\":\"https:\\\/\\\/www.h2otaps.com\\\/#\\\/schema\\\/logo\\\/image\\\/\",\"url\":\"https:\\\/\\\/i1.wp.com\\\/www.h2otaps.com\\\/wp-content\\\/uploads\\\/2020\\\/10\\\/IMG_2689-2.jpeg?fit=750%2C689&ssl=1\",\"contentUrl\":\"https:\\\/\\\/i1.wp.com\\\/www.h2otaps.com\\\/wp-content\\\/uploads\\\/2020\\\/10\\\/IMG_2689-2.jpeg?fit=750%2C689&ssl=1\",\"width\":750,\"height\":689,\"caption\":\"H2oTaps\"},\"image\":{\"@id\":\"https:\\\/\\\/www.h2otaps.com\\\/#\\\/schema\\\/logo\\\/image\\\/\"},\"sameAs\":[\"https:\\\/\\\/www.facebook.com\\\/h2otaps\\\/\",\"https:\\\/\\\/x.com\\\/H2oTaps\",\"https:\\\/\\\/www.instagram.com\\\/h2otaps\\\/\",\"https:\\\/\\\/www.youtube.com\\\/channel\\\/UC_Tjsnxu_9GuV50al68auoQ\"]}]}<\/script>\n<!-- \/ Yoast SEO plugin. -->","yoast_head_json":{"title":"H2o Taps - Cartuchos recambio grifo - PACK 2 Cartuchos - Para 6 meses","description":"Paquete de 2 cartuchos de recambio para el filtro de agua sobre grifo de H2o Taps de una duraci\u00f3n total de 6 Meses de agua filtrada.","robots":{"index":"index","follow":"follow","max-snippet":"max-snippet:-1","max-image-preview":"max-image-preview:large","max-video-preview":"max-video-preview:-1"},"canonical":"https:\/\/www.h2otaps.com\/it\/productos\/cartuchos-recambio-h2o-taps-pack-2\/","og_locale":"it_IT","og_type":"article","og_title":"H2o Taps - Cartuchos recambio grifo - PACK 2 Cartuchos - Para 6 meses","og_description":"Paquete de 2 cartuchos de recambio para el filtro de agua sobre grifo de H2o Taps de una duraci\u00f3n total de 6 Meses de agua filtrada.","og_url":"https:\/\/www.h2otaps.com\/it\/productos\/cartuchos-recambio-h2o-taps-pack-2\/","og_site_name":"H2o Taps","article_publisher":"https:\/\/www.facebook.com\/h2otaps\/","article_modified_time":"2026-04-02T14:24:57+00:00","og_image":[{"width":2560,"height":2560,"url":"https:\/\/www.h2otaps.com\/wp-content\/uploads\/2021\/02\/033-1-scaled.jpg","type":"image\/jpeg"}],"twitter_card":"summary_large_image","twitter_site":"@H2oTaps","twitter_misc":{"Tempo di lettura stimato":"2 minuti"},"schema":{"@context":"https:\/\/schema.org","@graph":[{"@type":"WebPage","@id":"https:\/\/www.h2otaps.com\/productos\/cartuchos-recambio-h2o-taps-pack-2\/","url":"https:\/\/www.h2otaps.com\/productos\/cartuchos-recambio-h2o-taps-pack-2\/","name":"H2o Taps - Cartuchos recambio grifo - PACK 2 Cartuchos - Para 6 meses","isPartOf":{"@id":"https:\/\/www.h2otaps.com\/#website"},"primaryImageOfPage":{"@id":"https:\/\/www.h2otaps.com\/productos\/cartuchos-recambio-h2o-taps-pack-2\/#primaryimage"},"image":{"@id":"https:\/\/www.h2otaps.com\/productos\/cartuchos-recambio-h2o-taps-pack-2\/#primaryimage"},"thumbnailUrl":"https:\/\/i0.wp.com\/www.h2otaps.com\/wp-content\/uploads\/2021\/02\/033-1-scaled.jpg?fit=2560%2C2560&ssl=1","datePublished":"2021-02-07T00:27:30+00:00","dateModified":"2026-04-02T14:24:57+00:00","description":"Paquete de 2 cartuchos de recambio para el filtro de agua sobre grifo de H2o Taps de una duraci\u00f3n total de 6 Meses de agua filtrada.","breadcrumb":{"@id":"https:\/\/www.h2otaps.com\/productos\/cartuchos-recambio-h2o-taps-pack-2\/#breadcrumb"},"inLanguage":"it-IT","potentialAction":[{"@type":"ReadAction","target":["https:\/\/www.h2otaps.com\/productos\/cartuchos-recambio-h2o-taps-pack-2\/"]}]},{"@type":"ImageObject","inLanguage":"it-IT","@id":"https:\/\/www.h2otaps.com\/productos\/cartuchos-recambio-h2o-taps-pack-2\/#primaryimage","url":"https:\/\/i0.wp.com\/www.h2otaps.com\/wp-content\/uploads\/2021\/02\/033-1-scaled.jpg?fit=2560%2C2560&ssl=1","contentUrl":"https:\/\/i0.wp.com\/www.h2otaps.com\/wp-content\/uploads\/2021\/02\/033-1-scaled.jpg?fit=2560%2C2560&ssl=1","width":2560,"height":2560},{"@type":"BreadcrumbList","@id":"https:\/\/www.h2otaps.com\/productos\/cartuchos-recambio-h2o-taps-pack-2\/#breadcrumb","itemListElement":[{"@type":"ListItem","position":1,"name":"H2oTaps","item":"https:\/\/www.h2otaps.com\/"},{"@type":"ListItem","position":2,"name":"Productos","item":"https:\/\/www.h2otaps.com\/productos\/"},{"@type":"ListItem","position":3,"name":"Cartuchos recambio grifo &#8211; PACK 2 Cartuchos"}]},{"@type":"WebSite","@id":"https:\/\/www.h2otaps.com\/#website","url":"https:\/\/www.h2otaps.com\/","name":"H2o Taps","description":"Filtro agua para grifo","publisher":{"@id":"https:\/\/www.h2otaps.com\/#organization"},"potentialAction":[{"@type":"SearchAction","target":{"@type":"EntryPoint","urlTemplate":"https:\/\/www.h2otaps.com\/?s={search_term_string}"},"query-input":{"@type":"PropertyValueSpecification","valueRequired":true,"valueName":"search_term_string"}}],"inLanguage":"it-IT"},{"@type":"Organization","@id":"https:\/\/www.h2otaps.com\/#organization","name":"H2o Taps","url":"https:\/\/www.h2otaps.com\/","logo":{"@type":"ImageObject","inLanguage":"it-IT","@id":"https:\/\/www.h2otaps.com\/#\/schema\/logo\/image\/","url":"https:\/\/i1.wp.com\/www.h2otaps.com\/wp-content\/uploads\/2020\/10\/IMG_2689-2.jpeg?fit=750%2C689&ssl=1","contentUrl":"https:\/\/i1.wp.com\/www.h2otaps.com\/wp-content\/uploads\/2020\/10\/IMG_2689-2.jpeg?fit=750%2C689&ssl=1","width":750,"height":689,"caption":"H2oTaps"},"image":{"@id":"https:\/\/www.h2otaps.com\/#\/schema\/logo\/image\/"},"sameAs":["https:\/\/www.facebook.com\/h2otaps\/","https:\/\/x.com\/H2oTaps","https:\/\/www.instagram.com\/h2otaps\/","https:\/\/www.youtube.com\/channel\/UC_Tjsnxu_9GuV50al68auoQ"]}]}},"jetpack_sharing_enabled":true,"_links":{"self":[{"href":"https:\/\/www.h2otaps.com\/it\/wp-json\/wp\/v2\/product\/3225","targetHints":{"allow":["GET"]}}],"collection":[{"href":"https:\/\/www.h2otaps.com\/it\/wp-json\/wp\/v2\/product"}],"about":[{"href":"https:\/\/www.h2otaps.com\/it\/wp-json\/wp\/v2\/types\/product"}],"wp:featuredmedia":[{"embeddable":true,"href":"https:\/\/www.h2otaps.com\/it\/wp-json\/wp\/v2\/media\/4046"}],"wp:attachment":[{"href":"https:\/\/www.h2otaps.com\/it\/wp-json\/wp\/v2\/media?parent=3225"}],"wp:term":[{"taxonomy":"product_brand","embeddable":true,"href":"https:\/\/www.h2otaps.com\/it\/wp-json\/wp\/v2\/product_brand?post=3225"},{"taxonomy":"product_cat","embeddable":true,"href":"https:\/\/www.h2otaps.com\/it\/wp-json\/wp\/v2\/product_cat?post=3225"},{"taxonomy":"product_tag","embeddable":true,"href":"https:\/\/www.h2otaps.com\/it\/wp-json\/wp\/v2\/product_tag?post=3225"}],"curies":[{"name":"wp","href":"https:\/\/api.w.org\/{rel}","templated":true}]}}